{"id":26398,"date":"2025-11-12T14:58:07","date_gmt":"2025-11-12T14:58:07","guid":{"rendered":"https:\/\/syncore.com\/cookie-richtlinie\/"},"modified":"2026-03-13T10:25:31","modified_gmt":"2026-03-13T10:25:31","slug":"cookie-richtlinie","status":"publish","type":"page","link":"https:\/\/syncore.com\/de\/cookie-richtlinie\/","title":{"rendered":"Cookie-Richtlinie"},"content":{"rendered":"\t\t<div data-elementor-type=\"wp-page\" data-elementor-id=\"26398\" class=\"elementor elementor-26398 elementor-22880\" data-elementor-post-type=\"page\">\n\t\t\t\t<div class=\"elementor-element elementor-element-a61825b pad_section e-flex e-con-boxed e-con e-parent\" data-id=\"a61825b\" data-element_type=\"container\" data-e-type=\"container\" data-settings=\"{&quot;background_background&quot;:&quot;classic&quot;}\">\n\t\t\t\t\t<div class=\"e-con-inner\">\n\t\t\t\t<div class=\"elementor-element elementor-element-d6548f9 elementor-widget elementor-widget-heading\" data-id=\"d6548f9\" data-element_type=\"widget\" data-e-type=\"widget\" data-widget_type=\"heading.default\">\n\t\t\t\t<div class=\"elementor-widget-container\">\n\t\t\t\t\t<h1 class=\"elementor-heading-title elementor-size-default\">Cookie-Richtlinie<\/h1>\t\t\t\t<\/div>\n\t\t\t\t<\/div>\n\t\t\t\t<div class=\"elementor-element elementor-element-a7dbe5a elementor-widget elementor-widget-text-editor\" data-id=\"a7dbe5a\" data-element_type=\"widget\" data-e-type=\"widget\" data-widget_type=\"text-editor.default\">\n\t\t\t\t<div class=\"elementor-widget-container\">\n\t\t\t\t\t\t\t\t\t<main><\/main>\n\n<div class=\"p-default-page \">\n<div class=\"a-container p-gutenberg spacing\">\n<div class=\"p-default-page \">\n<div class=\"a-container p-gutenberg spacing\">\n<div id=\"cookies-policy\">\n\nDiese Website ist Eigentum und wird kontrolliert von syncore BV (im Folgenden &#8218;wir&#8216; oder &#8218;uns&#8216;). Unsere Website macht von Cookies und \u00e4hnlichen Technologien Gebrauch. Diese Cookie-Richtlinie beschreibt, welche Cookies wir verwenden, f\u00fcr welche Zwecke wir sie nutzen und welche M\u00f6glichkeiten Sie haben, diese Cookies zu verwalten.  \n<h3>Was sind Cookies?<\/h3>\nCookies sind winzige Textdateien, die von Websites, die Sie besuchen, auf Ihrem Computer oder Mobilger\u00e4t gespeichert werden. Sie werden h\u00e4ufig verwendet, um Websites funktionsf\u00e4hig zu machen oder effektiver zu gestalten und um den Besuchern Funktionen zur Verf\u00fcgung zu stellen, die z.B. die Besucherfreundlichkeit erh\u00f6hen. \n\nAuf dieser Website verwenden wir Cookies, die unbedingt notwendig sind, damit Sie sich auf der Website bewegen k\u00f6nnen oder um bestimmte grundlegende Funktionen bereitzustellen. Wir verwenden Cookies, um die Funktionalit\u00e4t der Website zu verbessern, indem wir z.B. Ihre Pr\u00e4ferenzen speichern. Wir verwenden Cookies auch, um die Leistung unserer Website zu verbessern und Ihnen ein besseres Nutzererlebnis zu bieten.  \n\nUm diese Website optimal nutzen zu k\u00f6nnen, m\u00fcssen Sie alle Cookies aktivieren. Wenn Sie Cookies nicht zulassen oder bestimmte Cookies deaktivieren m\u00f6chten, k\u00f6nnen Sie die Website zwar weiterhin nutzen, aber m\u00f6glicherweise nicht alle Features oder Funktionen verwenden. Bitte lesen Sie den Abschnitt unten, wie Sie Ihre Cookies verwalten k\u00f6nnen.  \n<h3>Cookies, die wir verwenden und deren Zweck<\/h3>\nCookies werden f\u00fcr eine Vielzahl von Zwecken verwendet. Bitte lesen Sie unsere Cookie-Tabelle am Ende dieser Seite, um mehr dar\u00fcber zu erfahren, welche Erst- und Drittanbieter-Cookies wir auf unserer Website verwenden, warum wir sie verwenden und wie lange die verschiedenen Cookies auf Ihrem Computer oder Mobilger\u00e4t gespeichert werden. \n<h2><\/h2>\n<h3>Wie Sie Cookies verwalten<\/h3>\nWenn Sie nicht m\u00f6chten, dass unsere Website Cookies auf Ihrem Computer oder Mobilger\u00e4t speichert, k\u00f6nnen Sie Ihre Browsereinstellungen \u00e4ndern. Sie k\u00f6nnen Ihre Einstellung so anpassen, dass Sie eine Warnung erhalten, bevor bestimmte Cookies gespeichert werden. Eine andere M\u00f6glichkeit ist, Ihre Einstellungen so zu \u00e4ndern, dass Ihr Browser die meisten unserer Cookies oder nur bestimmte Cookies ablehnt.  \n\nBitte beachten Sie, dass wir nicht garantieren k\u00f6nnen, dass unsere Website ordnungsgem\u00e4\u00df funktioniert, wenn Sie keine Cookies akzeptieren m\u00f6chten. Es kann sein, dass Ihnen einige Funktionen nicht zur Verf\u00fcgung stehen oder dass Sie sogar bestimmte Teile der Website nicht sehen k\u00f6nnen. \n\nBitte beachten Sie, dass Sie Ihre Einstellungen f\u00fcr jeden Browser und jedes Ger\u00e4t, das Sie verwenden, \u00e4ndern m\u00fcssen. Die Verfahren zur \u00c4nderung Ihrer Einstellungen und Cookies unterscheiden sich von Browser zu Browser. Verwenden Sie ggf. die Hilfefunktion Ihres Browsers oder klicken Sie auf einen der unten stehenden Links, um direkt zum Benutzerhandbuch Ihres Browsers zu gelangen:  \n<ul>\n \t<li><a href=\"https:\/\/support.microsoft.com\/en-us\/help\/17442\/windows-internet-explorer-delete-manage-cookies\">Internet Explorer<\/a><\/li>\n \t<li><a href=\"https:\/\/support.mozilla.com\/en-US\/kb\/cookies-information-websites-store-on-your-computer?redirectlocale=en-US&amp;redirectslug=Cookies\">Mozilla Firefox<\/a><\/li>\n \t<li><a href=\"https:\/\/support.google.com\/chrome\/answer\/95647?hl=en\">Google Chrome<\/a><\/li>\n \t<li><a href=\"https:\/\/support.apple.com\/kb\/ph21411?locale=en_GB\">Safari<\/a><\/li>\n \t<li><a href=\"https:\/\/www.opera.com\/help\/tutorials\/security\/privacy\/\">Oper<\/a><\/li>\n<\/ul>\nEs gibt auch Softwareprodukte, die Cookies f\u00fcr Sie verwalten k\u00f6nnen.\n<h2><\/h2>\n<h3>\u00c4nderungen an der Politik<\/h3>\nWir k\u00f6nnen diese Cookie-Richtlinie von Zeit zu Zeit \u00e4ndern. Wenn es sich um eine grundlegende \u00c4nderung handelt, die es erforderlich macht, dass wir Sie dar\u00fcber informieren, oder wenn die \u00c4nderung in anderer Weise f\u00fcr Sie relevant ist, werden wir sicherstellen, dass Sie rechtzeitig vor dem tats\u00e4chlichen Inkrafttreten der \u00c4nderung informiert werden. \n<h2><\/h2>\n<h3>Kontakt und R\u00fcckfragen<\/h3>\nWenn Sie Fragen zu den auf unserer Website verwendeten Cookies haben, kontaktieren Sie uns bitte unter gdpr@royal.reesink.nl und geben Sie die Art Ihrer Anfrage an.\n\n<\/div>\n<\/div>\n<\/div>\n<section class=\"o-contact a-container\">\n<div class=\"o-contact__wrapper\">\n<div class=\"o-contact__left\"><\/div>\n<\/div>\n<\/section><\/div>\n<\/div>\t\t\t\t\t\t\t\t<\/div>\n\t\t\t\t<\/div>\n\t\t\t\t\t<\/div>\n\t\t\t\t<\/div>\n\t\t\t\t<\/div>\n\t\t","protected":false},"excerpt":{"rendered":"<p>Cookie-Richtlinie Diese Website ist Eigentum und wird kontrolliert von syncore BV (im Folgenden &#8218;wir&#8216; oder &#8218;uns&#8216;). Unsere Website macht von Cookies und \u00e4hnlichen Technologien Gebrauch. Diese Cookie-Richtlinie beschreibt, welche Cookies wir verwenden, f\u00fcr welche Zwecke wir sie nutzen und welche M\u00f6glichkeiten Sie haben, diese Cookies zu verwalten. Was sind Cookies? Cookies sind winzige Textdateien, die [&hellip;]<\/p>\n","protected":false},"author":2,"featured_media":0,"parent":0,"menu_order":0,"comment_status":"closed","ping_status":"closed","template":"elementor_header_footer","meta":{"_acf_changed":false,"content-type":"","footnotes":""},"class_list":["post-26398","page","type-page","status-publish","hentry"],"acf":[],"yoast_head":"<!-- This site is optimized with the Yoast SEO plugin v26.8 - https:\/\/yoast.com\/product\/yoast-seo-wordpress\/ -->\n<title>Cookie-Richtlinie - Syncore<\/title>\n<meta name=\"robots\" content=\"index, follow, max-snippet:-1, max-image-preview:large, max-video-preview:-1\" \/>\n<link rel=\"canonical\" href=\"https:\/\/syncore.com\/de\/cookie-richtlinie\/\" \/>\n<meta property=\"og:locale\" content=\"de_DE\" \/>\n<meta property=\"og:type\" content=\"article\" \/>\n<meta property=\"og:title\" content=\"Cookie-Richtlinie - Syncore\" \/>\n<meta property=\"og:description\" content=\"Cookie-Richtlinie Diese Website ist Eigentum und wird kontrolliert von syncore BV (im Folgenden &#8218;wir&#8216; oder &#8218;uns&#8216;). Unsere Website macht von Cookies und \u00e4hnlichen Technologien Gebrauch. Diese Cookie-Richtlinie beschreibt, welche Cookies wir verwenden, f\u00fcr welche Zwecke wir sie nutzen und welche M\u00f6glichkeiten Sie haben, diese Cookies zu verwalten. Was sind Cookies? Cookies sind winzige Textdateien, die [&hellip;]\" \/>\n<meta property=\"og:url\" content=\"https:\/\/syncore.com\/cookie-policy\/\" \/>\n<meta property=\"og:site_name\" content=\"Syncore\" \/>\n<meta property=\"article:modified_time\" content=\"2026-03-13T10:25:31+00:00\" \/>\n<meta name=\"twitter:card\" content=\"summary_large_image\" \/>\n<meta name=\"twitter:label1\" content=\"Gesch\u00e4tzte Lesezeit\" \/>\n\t<meta name=\"twitter:data1\" content=\"3\u00a0Minuten\" \/>\n<script type=\"application\/ld+json\" class=\"yoast-schema-graph\">{\"@context\":\"https:\/\/schema.org\",\"@graph\":[{\"@type\":\"WebPage\",\"@id\":\"https:\/\/syncore.com\/cookie-policy\/\",\"url\":\"https:\/\/syncore.com\/cookie-policy\/\",\"name\":\"Cookie-Richtlinie - Syncore\",\"isPartOf\":{\"@id\":\"https:\/\/syncore.com\/#website\"},\"datePublished\":\"2025-11-12T14:58:07+00:00\",\"dateModified\":\"2026-03-13T10:25:31+00:00\",\"breadcrumb\":{\"@id\":\"https:\/\/syncore.com\/cookie-policy\/#breadcrumb\"},\"inLanguage\":\"de\",\"potentialAction\":[{\"@type\":\"ReadAction\",\"target\":[\"https:\/\/syncore.com\/cookie-policy\/\"]}]},{\"@type\":\"BreadcrumbList\",\"@id\":\"https:\/\/syncore.com\/cookie-policy\/#breadcrumb\",\"itemListElement\":[{\"@type\":\"ListItem\",\"position\":1,\"name\":\"Start\",\"item\":\"https:\/\/syncore.com\/de\/\"},{\"@type\":\"ListItem\",\"position\":2,\"name\":\"Cookie-Richtlinie\"}]},{\"@type\":\"WebSite\",\"@id\":\"https:\/\/syncore.com\/#website\",\"url\":\"https:\/\/syncore.com\/\",\"name\":\"syncore\",\"description\":\"Warehouse Integrators\",\"publisher\":{\"@id\":\"https:\/\/syncore.com\/#organization\"},\"potentialAction\":[{\"@type\":\"SearchAction\",\"target\":{\"@type\":\"EntryPoint\",\"urlTemplate\":\"https:\/\/syncore.com\/?s={search_term_string}\"},\"query-input\":{\"@type\":\"PropertyValueSpecification\",\"valueRequired\":true,\"valueName\":\"search_term_string\"}}],\"inLanguage\":\"de\"},{\"@type\":\"Organization\",\"@id\":\"https:\/\/syncore.com\/#organization\",\"name\":\"syncore\",\"url\":\"https:\/\/syncore.com\/\",\"logo\":{\"@type\":\"ImageObject\",\"inLanguage\":\"de\",\"@id\":\"https:\/\/syncore.com\/#\/schema\/logo\/image\/\",\"url\":\"\",\"contentUrl\":\"\",\"caption\":\"syncore\"},\"image\":{\"@id\":\"https:\/\/syncore.com\/#\/schema\/logo\/image\/\"}}]}<\/script>\n<!-- \/ Yoast SEO plugin. -->","yoast_head_json":{"title":"Cookie-Richtlinie - Syncore","robots":{"index":"index","follow":"follow","max-snippet":"max-snippet:-1","max-image-preview":"max-image-preview:large","max-video-preview":"max-video-preview:-1"},"canonical":"https:\/\/syncore.com\/de\/cookie-richtlinie\/","og_locale":"de_DE","og_type":"article","og_title":"Cookie-Richtlinie - Syncore","og_description":"Cookie-Richtlinie Diese Website ist Eigentum und wird kontrolliert von syncore BV (im Folgenden &#8218;wir&#8216; oder &#8218;uns&#8216;). Unsere Website macht von Cookies und \u00e4hnlichen Technologien Gebrauch. Diese Cookie-Richtlinie beschreibt, welche Cookies wir verwenden, f\u00fcr welche Zwecke wir sie nutzen und welche M\u00f6glichkeiten Sie haben, diese Cookies zu verwalten. Was sind Cookies? Cookies sind winzige Textdateien, die [&hellip;]","og_url":"https:\/\/syncore.com\/cookie-policy\/","og_site_name":"Syncore","article_modified_time":"2026-03-13T10:25:31+00:00","twitter_card":"summary_large_image","twitter_misc":{"Gesch\u00e4tzte Lesezeit":"3\u00a0Minuten"},"schema":{"@context":"https:\/\/schema.org","@graph":[{"@type":"WebPage","@id":"https:\/\/syncore.com\/cookie-policy\/","url":"https:\/\/syncore.com\/cookie-policy\/","name":"Cookie-Richtlinie - Syncore","isPartOf":{"@id":"https:\/\/syncore.com\/#website"},"datePublished":"2025-11-12T14:58:07+00:00","dateModified":"2026-03-13T10:25:31+00:00","breadcrumb":{"@id":"https:\/\/syncore.com\/cookie-policy\/#breadcrumb"},"inLanguage":"de","potentialAction":[{"@type":"ReadAction","target":["https:\/\/syncore.com\/cookie-policy\/"]}]},{"@type":"BreadcrumbList","@id":"https:\/\/syncore.com\/cookie-policy\/#breadcrumb","itemListElement":[{"@type":"ListItem","position":1,"name":"Start","item":"https:\/\/syncore.com\/de\/"},{"@type":"ListItem","position":2,"name":"Cookie-Richtlinie"}]},{"@type":"WebSite","@id":"https:\/\/syncore.com\/#website","url":"https:\/\/syncore.com\/","name":"syncore","description":"Warehouse Integrators","publisher":{"@id":"https:\/\/syncore.com\/#organization"},"potentialAction":[{"@type":"SearchAction","target":{"@type":"EntryPoint","urlTemplate":"https:\/\/syncore.com\/?s={search_term_string}"},"query-input":{"@type":"PropertyValueSpecification","valueRequired":true,"valueName":"search_term_string"}}],"inLanguage":"de"},{"@type":"Organization","@id":"https:\/\/syncore.com\/#organization","name":"syncore","url":"https:\/\/syncore.com\/","logo":{"@type":"ImageObject","inLanguage":"de","@id":"https:\/\/syncore.com\/#\/schema\/logo\/image\/","url":"","contentUrl":"","caption":"syncore"},"image":{"@id":"https:\/\/syncore.com\/#\/schema\/logo\/image\/"}}]}},"_links":{"self":[{"href":"https:\/\/syncore.com\/de\/wp-json\/wp\/v2\/pages\/26398","targetHints":{"allow":["GET"]}}],"collection":[{"href":"https:\/\/syncore.com\/de\/wp-json\/wp\/v2\/pages"}],"about":[{"href":"https:\/\/syncore.com\/de\/wp-json\/wp\/v2\/types\/page"}],"author":[{"embeddable":true,"href":"https:\/\/syncore.com\/de\/wp-json\/wp\/v2\/users\/2"}],"replies":[{"embeddable":true,"href":"https:\/\/syncore.com\/de\/wp-json\/wp\/v2\/comments?post=26398"}],"version-history":[{"count":3,"href":"https:\/\/syncore.com\/de\/wp-json\/wp\/v2\/pages\/26398\/revisions"}],"predecessor-version":[{"id":27851,"href":"https:\/\/syncore.com\/de\/wp-json\/wp\/v2\/pages\/26398\/revisions\/27851"}],"wp:attachment":[{"href":"https:\/\/syncore.com\/de\/wp-json\/wp\/v2\/media?parent=26398"}],"curies":[{"name":"wp","href":"https:\/\/api.w.org\/{rel}","templated":true}]}}