{"id":26424,"date":"2025-02-21T14:16:10","date_gmt":"2025-02-21T14:16:10","guid":{"rendered":"https:\/\/syncore.com\/kontakt\/"},"modified":"2026-05-08T06:28:53","modified_gmt":"2026-05-08T06:28:53","slug":"kontakt","status":"publish","type":"page","link":"https:\/\/syncore.com\/de\/kontakt\/","title":{"rendered":"Kontakt"},"content":{"rendered":"\t\t<div data-elementor-type=\"wp-page\" data-elementor-id=\"26424\" class=\"elementor elementor-26424 elementor-50\" data-elementor-post-type=\"page\">\n\t\t\t\t<div class=\"elementor-element elementor-element-ede85e2 pad_section e-flex e-con-boxed e-con e-parent\" data-id=\"ede85e2\" data-element_type=\"container\" data-e-type=\"container\">\n\t\t\t\t\t<div class=\"e-con-inner\">\n\t\t<div class=\"elementor-element elementor-element-c21166c e-con-full e-flex e-con e-child\" data-id=\"c21166c\" data-element_type=\"container\" data-e-type=\"container\">\n\t\t\t\t<div class=\"elementor-element elementor-element-d9376fe elementor-widget elementor-widget-heading\" data-id=\"d9376fe\" data-element_type=\"widget\" data-e-type=\"widget\" data-widget_type=\"heading.default\">\n\t\t\t\t<div class=\"elementor-widget-container\">\n\t\t\t\t\t<h2 class=\"elementor-heading-title elementor-size-default\">Haben Sie Fragen?  <br>Kontaktieren Sie uns<\/h2>\t\t\t\t<\/div>\n\t\t\t\t<\/div>\n\t\t<div class=\"elementor-element elementor-element-3cd6e01 e-con-full e-flex e-con e-child\" data-id=\"3cd6e01\" data-element_type=\"container\" data-e-type=\"container\">\n\t\t\t\t<div class=\"elementor-element elementor-element-3e03c91 elementor-widget elementor-widget-text-editor\" data-id=\"3e03c91\" data-element_type=\"widget\" data-e-type=\"widget\" data-widget_type=\"text-editor.default\">\n\t\t\t\t<div class=\"elementor-widget-container\">\n\t\t\t\t\t\t\t\t\t<p><a href=\"+49 7136 95750\">+31 (0) 313 478 600<\/a><\/p><p>Mo bis Fr von 8:30 Uhr bis 17:30 Uhr.<\/p>\t\t\t\t\t\t\t\t<\/div>\n\t\t\t\t<\/div>\n\t\t\t\t<div class=\"elementor-element elementor-element-84c3f27 elementor-widget elementor-widget-text-editor\" data-id=\"84c3f27\" data-element_type=\"widget\" data-e-type=\"widget\" data-widget_type=\"text-editor.default\">\n\t\t\t\t<div class=\"elementor-widget-container\">\n\t\t\t\t\t\t\t\t\t<p>info@Syncore.com<\/p><p>Antwort innerhalb von 24 Stunden<\/p>\t\t\t\t\t\t\t\t<\/div>\n\t\t\t\t<\/div>\n\t\t\t\t<\/div>\n\t\t\t\t<\/div>\n\t\t<div class=\"elementor-element elementor-element-efb84f8 e-con-full e-flex e-con e-child\" data-id=\"efb84f8\" data-element_type=\"container\" data-e-type=\"container\" data-settings=\"{&quot;background_background&quot;:&quot;classic&quot;}\">\n\t\t\t\t<div class=\"elementor-element elementor-element-0b50302 elementor-widget elementor-widget-heading\" data-id=\"0b50302\" data-element_type=\"widget\" data-e-type=\"widget\" data-widget_type=\"heading.default\">\n\t\t\t\t<div class=\"elementor-widget-container\">\n\t\t\t\t\t<div class=\"elementor-heading-title elementor-size-default\">Notfall? Wir sind 24\/7 verf\u00fcgbar <\/div>\t\t\t\t<\/div>\n\t\t\t\t<\/div>\n\t\t\t\t<div class=\"elementor-element elementor-element-436476d elementor-widget elementor-widget-button\" data-id=\"436476d\" data-element_type=\"widget\" data-e-type=\"widget\" data-widget_type=\"button.default\">\n\t\t\t\t<div class=\"elementor-widget-container\">\n\t\t\t\t\t\t\t\t\t<div class=\"elementor-button-wrapper\">\n\t\t\t\t\t<a class=\"elementor-button elementor-button-link elementor-size-sm\" href=\"http:\/\/+49%207136%2095750\">\n\t\t\t\t\t\t<span class=\"elementor-button-content-wrapper\">\n\t\t\t\t\t\t<span class=\"elementor-button-icon\">\n\t\t\t\t<svg xmlns=\"http:\/\/www.w3.org\/2000\/svg\" width=\"19\" height=\"12\" viewBox=\"0 0 19 12\" fill=\"none\"><path d=\"M18.0505 4.79067L13.2598 0H10.2076L15.0991 4.89504H0V7.05462H15.1422L10.2472 11.9497H13.2994L18.0505 7.1986C18.3744 6.87826 18.5508 6.44994 18.5508 5.99643C18.5508 5.54292 18.3744 5.111 18.0505 4.79067Z\" fill=\"#0E2A5B\"><\/path><\/svg>\t\t\t<\/span>\n\t\t\t\t\t\t\t\t\t<span class=\"elementor-button-text\">+31 (0) 313 478 600<\/span>\n\t\t\t\t\t<\/span>\n\t\t\t\t\t<\/a>\n\t\t\t\t<\/div>\n\t\t\t\t\t\t\t\t<\/div>\n\t\t\t\t<\/div>\n\t\t\t\t<\/div>\n\t\t\t\t\t<\/div>\n\t\t\t\t<\/div>\n\t\t<div class=\"elementor-element elementor-element-87ecdc7 pad_section e-flex e-con-boxed e-con e-parent\" data-id=\"87ecdc7\" data-element_type=\"container\" data-e-type=\"container\">\n\t\t\t\t\t<div class=\"e-con-inner\">\n\t\t<div class=\"elementor-element elementor-element-f61c255 e-con-full e-flex e-con e-child\" data-id=\"f61c255\" data-element_type=\"container\" data-e-type=\"container\" data-settings=\"{&quot;background_background&quot;:&quot;video&quot;}\">\n\t\t<div class=\"elementor-element elementor-element-6990aa3 e-con-full e-flex e-con e-child\" data-id=\"6990aa3\" data-element_type=\"container\" data-e-type=\"container\" data-settings=\"{&quot;background_background&quot;:&quot;video&quot;,&quot;background_video_link&quot;:&quot;\\\/wp-content\\\/uploads\\\/2025\\\/02\\\/murmuration-flow-5-final-2.webm&quot;,&quot;background_play_on_mobile&quot;:&quot;yes&quot;}\">\n\t\t<div class=\"elementor-background-video-container\">\n\t\t\t\t\t\t\t<video class=\"elementor-background-video-hosted\" role=\"presentation\" autoplay muted playsinline loop><\/video>\n\t\t\t\t\t<\/div><div class=\"elementor-element elementor-element-ce94dca e-con-full e-flex e-con e-child\" data-id=\"ce94dca\" data-element_type=\"container\" data-e-type=\"container\" data-settings=\"{&quot;position&quot;:&quot;absolute&quot;}\">\n\t\t\t\t<div class=\"elementor-element elementor-element-7357c1a elementor-widget elementor-widget-heading\" data-id=\"7357c1a\" data-element_type=\"widget\" data-e-type=\"widget\" data-widget_type=\"heading.default\">\n\t\t\t\t<div class=\"elementor-widget-container\">\n\t\t\t\t\t<h2 class=\"elementor-heading-title elementor-size-default\">Machiel van den Hazelkamp<\/h2>\t\t\t\t<\/div>\n\t\t\t\t<\/div>\n\t\t\t\t<div class=\"elementor-element elementor-element-edfd3ea elementor-widget elementor-widget-heading\" data-id=\"edfd3ea\" data-element_type=\"widget\" data-e-type=\"widget\" data-widget_type=\"heading.default\">\n\t\t\t\t<div class=\"elementor-widget-container\">\n\t\t\t\t\t<h2 class=\"elementor-heading-title elementor-size-default\">Chief Commercial Officer (CCO)<\/h2>\t\t\t\t<\/div>\n\t\t\t\t<\/div>\n\t\t\t\t<\/div>\n\t\t\t\t<div class=\"elementor-element elementor-element-766557d elementor-absolute e-transform elementor-widget elementor-widget-image\" data-id=\"766557d\" data-element_type=\"widget\" data-e-type=\"widget\" data-settings=\"{&quot;_position&quot;:&quot;absolute&quot;,&quot;_transform_translateY_effect_tablet&quot;:{&quot;unit&quot;:&quot;px&quot;,&quot;size&quot;:20,&quot;sizes&quot;:[]},&quot;_transform_translateY_effect_mobile&quot;:{&quot;unit&quot;:&quot;px&quot;,&quot;size&quot;:20,&quot;sizes&quot;:[]},&quot;_transform_translateX_effect&quot;:{&quot;unit&quot;:&quot;px&quot;,&quot;size&quot;:&quot;&quot;,&quot;sizes&quot;:[]},&quot;_transform_translateX_effect_tablet&quot;:{&quot;unit&quot;:&quot;px&quot;,&quot;size&quot;:&quot;&quot;,&quot;sizes&quot;:[]},&quot;_transform_translateX_effect_mobile&quot;:{&quot;unit&quot;:&quot;px&quot;,&quot;size&quot;:&quot;&quot;,&quot;sizes&quot;:[]},&quot;_transform_translateY_effect&quot;:{&quot;unit&quot;:&quot;px&quot;,&quot;size&quot;:&quot;&quot;,&quot;sizes&quot;:[]}}\" data-widget_type=\"image.default\">\n\t\t\t\t<div class=\"elementor-widget-container\">\n\t\t\t\t\t\t\t\t\t\t\t\t\t\t\t<img loading=\"lazy\" decoding=\"async\" width=\"578\" height=\"930\" src=\"https:\/\/syncore.com\/wp-content\/uploads\/2025\/07\/CCO_machiel-vd-hazelkamp-copy.png\" class=\"attachment-full size-full wp-image-4443\" alt=\"\" srcset=\"https:\/\/syncore.com\/wp-content\/uploads\/2025\/07\/CCO_machiel-vd-hazelkamp-copy.png 578w, https:\/\/syncore.com\/wp-content\/uploads\/2025\/07\/CCO_machiel-vd-hazelkamp-copy-186x300.png 186w\" sizes=\"auto, (max-width: 578px) 100vw, 578px\" \/>\t\t\t\t\t\t\t\t\t\t\t\t\t\t\t<\/div>\n\t\t\t\t<\/div>\n\t\t\t\t<\/div>\n\t\t<div class=\"elementor-element elementor-element-cbcdbca e-con-full e-flex e-con e-child\" data-id=\"cbcdbca\" data-element_type=\"container\" data-e-type=\"container\">\n\t\t\t\t<div class=\"elementor-element elementor-element-21bf920 elementor-button-align-stretch elementor-widget elementor-widget-global elementor-global-26979 elementor-global-25690 elementor-widget-form\" data-id=\"21bf920\" data-element_type=\"widget\" data-e-type=\"widget\" data-settings=\"{&quot;button_width&quot;:&quot;30&quot;,&quot;step_next_label&quot;:&quot;N\\u00e4chste&quot;,&quot;step_previous_label&quot;:&quot;Vorherige&quot;,&quot;step_type&quot;:&quot;number_text&quot;,&quot;step_icon_shape&quot;:&quot;circle&quot;}\" data-widget_type=\"form.default\">\n\t\t\t\t<div class=\"elementor-widget-container\">\n\t\t\t\t\t\t\t<form class=\"elementor-form\" method=\"post\" name=\"Neue Form\" aria-label=\"Neue Form\">\n\t\t\t<input type=\"hidden\" name=\"post_id\" value=\"26424\"\/>\n\t\t\t<input type=\"hidden\" name=\"form_id\" value=\"21bf920\"\/>\n\t\t\t<input type=\"hidden\" name=\"referer_title\" value=\"Syncore\" \/>\n\n\t\t\t\n\t\t\t<div class=\"elementor-form-fields-wrapper elementor-labels-\">\n\t\t\t\t\t\t\t\t<div class=\"elementor-field-type-text elementor-field-group elementor-column elementor-field-group-name elementor-col-100\">\n\t\t\t\t\t\t\t\t\t\t\t\t<label for=\"form-field-name\" class=\"elementor-field-label elementor-screen-only\">\n\t\t\t\t\t\t\t\tName\t\t\t\t\t\t\t<\/label>\n\t\t\t\t\t\t\t\t\t\t\t\t\t\t<input size=\"1\" type=\"text\" name=\"form_fields[name]\" id=\"form-field-name\" class=\"elementor-field elementor-size-sm  elementor-field-textual\" placeholder=\"Name\">\n\t\t\t\t\t\t\t\t\t\t\t<\/div>\n\t\t\t\t\t\t\t\t<div class=\"elementor-field-type-text elementor-field-group elementor-column elementor-field-group-field_71692b7 elementor-col-100\">\n\t\t\t\t\t\t\t\t\t\t\t\t<label for=\"form-field-field_71692b7\" class=\"elementor-field-label elementor-screen-only\">\n\t\t\t\t\t\t\t\tNachname\t\t\t\t\t\t\t<\/label>\n\t\t\t\t\t\t\t\t\t\t\t\t\t\t<input size=\"1\" type=\"text\" name=\"form_fields[field_71692b7]\" id=\"form-field-field_71692b7\" class=\"elementor-field elementor-size-sm  elementor-field-textual\" placeholder=\"Nachname\">\n\t\t\t\t\t\t\t\t\t\t\t<\/div>\n\t\t\t\t\t\t\t\t<div class=\"elementor-field-type-email elementor-field-group elementor-column elementor-field-group-email elementor-col-100 elementor-field-required\">\n\t\t\t\t\t\t\t\t\t\t\t\t<label for=\"form-field-email\" class=\"elementor-field-label elementor-screen-only\">\n\t\t\t\t\t\t\t\tE-Mail\t\t\t\t\t\t\t<\/label>\n\t\t\t\t\t\t\t\t\t\t\t\t\t\t<input size=\"1\" type=\"email\" name=\"form_fields[email]\" id=\"form-field-email\" class=\"elementor-field elementor-size-sm  elementor-field-textual\" placeholder=\"E-Mail\" required=\"required\">\n\t\t\t\t\t\t\t\t\t\t\t<\/div>\n\t\t\t\t\t\t\t\t<div class=\"elementor-field-type-number elementor-field-group elementor-column elementor-field-group-field_227f3c1 elementor-col-100\">\n\t\t\t\t\t\t\t\t\t\t\t\t<label for=\"form-field-field_227f3c1\" class=\"elementor-field-label elementor-screen-only\">\n\t\t\t\t\t\t\t\tTelefon\t\t\t\t\t\t\t<\/label>\n\t\t\t\t\t\t\t\t\t<input type=\"number\" name=\"form_fields[field_227f3c1]\" id=\"form-field-field_227f3c1\" class=\"elementor-field elementor-size-sm  elementor-field-textual\" placeholder=\"Telefon\" min=\"\" max=\"\" >\n\t\t\t\t\t\t<\/div>\n\t\t\t\t\t\t\t\t<div class=\"elementor-field-type-textarea elementor-field-group elementor-column elementor-field-group-message elementor-col-100\">\n\t\t\t\t\t\t\t\t\t\t\t\t<label for=\"form-field-message\" class=\"elementor-field-label elementor-screen-only\">\n\t\t\t\t\t\t\t\tNachricht\t\t\t\t\t\t\t<\/label>\n\t\t\t\t\t\t<textarea class=\"elementor-field-textual elementor-field  elementor-size-sm\" name=\"form_fields[message]\" id=\"form-field-message\" rows=\"4\" placeholder=\"Nachricht\"><\/textarea>\t\t\t\t<\/div>\n\t\t\t\t\t\t\t\t<div class=\"elementor-field-type-acceptance elementor-field-group elementor-column elementor-field-group-field_5a95bf1 elementor-col-100\">\n\t\t\t\t\t\t\t<div class=\"elementor-field-subgroup\">\n\t\t\t<span class=\"elementor-field-option\">\n\t\t\t\t<input type=\"checkbox\" name=\"form_fields[field_5a95bf1]\" id=\"form-field-field_5a95bf1\" class=\"elementor-field elementor-size-sm  elementor-acceptance-field\">\n\t\t\t\t<label for=\"form-field-field_5a95bf1\">Ich stimme den Bedingungen und Konditionen zu<\/label>\t\t\t<\/span>\n\t\t<\/div>\n\t\t\t\t\t\t<\/div>\n\t\t\t\t\t\t\t\t<div class=\"elementor-field-type-text\">\n\t\t\t\t\t<input size=\"1\" type=\"text\" name=\"form_fields[field_fc35f02]\" id=\"form-field-field_fc35f02\" class=\"elementor-field elementor-size-sm \" style=\"display:none !important;\">\t\t\t\t<\/div>\n\t\t\t\t\t\t\t\t<div class=\"elementor-field-group elementor-column elementor-field-type-submit elementor-col-30 e-form__buttons\">\n\t\t\t\t\t<button class=\"elementor-button elementor-size-sm\" type=\"submit\">\n\t\t\t\t\t\t<span class=\"elementor-button-content-wrapper\">\n\t\t\t\t\t\t\t\t\t\t\t\t\t\t\t<span class=\"elementor-button-icon\">\n\t\t\t\t\t\t\t\t\t<svg xmlns=\"http:\/\/www.w3.org\/2000\/svg\" width=\"19\" height=\"12\" viewBox=\"0 0 19 12\" fill=\"none\"><path d=\"M18.0505 4.79067L13.2598 0H10.2076L15.0991 4.89504H0V7.05462H15.1422L10.2472 11.9497H13.2994L18.0505 7.1986C18.3744 6.87826 18.5508 6.44994 18.5508 5.99643C18.5508 5.54292 18.3744 5.111 18.0505 4.79067Z\" fill=\"#0E2A5B\"><\/path><\/svg>\t\t\t\t\t\t\t\t\t\t\t\t\t\t\t\t\t<\/span>\n\t\t\t\t\t\t\t\t\t\t\t\t\t\t\t\t\t\t\t\t\t\t<span class=\"elementor-button-text\">Senden<\/span>\n\t\t\t\t\t\t\t\t\t\t\t\t\t<\/span>\n\t\t\t\t\t<\/button>\n\t\t\t\t<\/div>\n\t\t\t<\/div>\n\t\t<\/form>\n\t\t\t\t\t\t<\/div>\n\t\t\t\t<\/div>\n\t\t\t\t<\/div>\n\t\t\t\t<\/div>\n\t\t\t\t\t<\/div>\n\t\t\t\t<\/div>\n\t\t\t\t<\/div>\n\t\t","protected":false},"excerpt":{"rendered":"<p>Haben Sie Fragen? Kontaktieren Sie uns +31 (0) 313 478 600 Mo bis Fr von 8:30 Uhr bis 17:30 Uhr. info@Syncore.com Antwort innerhalb von 24 Stunden Notfall? Wir sind 24\/7 verf\u00fcgbar +31 (0) 313 478 600 Machiel van den Hazelkamp Chief Commercial Officer (CCO)<\/p>\n","protected":false},"author":2,"featured_media":0,"parent":0,"menu_order":0,"comment_status":"closed","ping_status":"closed","template":"elementor_header_footer","meta":{"_acf_changed":false,"content-type":"","footnotes":""},"class_list":["post-26424","page","type-page","status-publish","hentry"],"acf":[],"yoast_head":"<!-- This site is optimized with the Yoast SEO plugin v26.8 - https:\/\/yoast.com\/product\/yoast-seo-wordpress\/ -->\n<title>Kontaktieren Sie uns | Beratung zur Lagerautomatisierung<\/title>\n<meta name=\"description\" content=\"\u2713 Sprechen Sie mit unseren Experten f\u00fcr Lagerautomatisierung \u2713 Kostenlose Beratung verf\u00fcgbar \u2713 Ma\u00dfgeschneiderte L\u00f6sungen f\u00fcr Ihre Bed\u00fcrfnisse \u2713 Europaweite Pr\u00e4senz. Nehmen Sie noch heute Kontakt auf!\" \/>\n<meta name=\"robots\" content=\"index, follow, max-snippet:-1, max-image-preview:large, max-video-preview:-1\" \/>\n<link rel=\"canonical\" href=\"https:\/\/syncore.com\/de\/kontakt\/\" \/>\n<meta property=\"og:locale\" content=\"de_DE\" \/>\n<meta property=\"og:type\" content=\"article\" \/>\n<meta property=\"og:title\" content=\"Kontaktieren Sie uns | Beratung zur Lagerautomatisierung\" \/>\n<meta property=\"og:description\" content=\"\u2713 Sprechen Sie mit unseren Experten f\u00fcr Lagerautomatisierung \u2713 Kostenlose Beratung verf\u00fcgbar \u2713 Ma\u00dfgeschneiderte L\u00f6sungen f\u00fcr Ihre Bed\u00fcrfnisse \u2713 Europaweite Pr\u00e4senz. Nehmen Sie noch heute Kontakt auf!\" \/>\n<meta property=\"og:url\" content=\"https:\/\/syncore.com\/de\/kontakt\/\" \/>\n<meta property=\"og:site_name\" content=\"Syncore\" \/>\n<meta property=\"article:modified_time\" content=\"2026-05-08T06:28:53+00:00\" \/>\n<meta property=\"og:image\" content=\"https:\/\/syncore.com\/wp-content\/uploads\/2025\/07\/CCO_machiel-vd-hazelkamp-copy.png\" \/>\n\t<meta property=\"og:image:width\" content=\"578\" \/>\n\t<meta property=\"og:image:height\" content=\"930\" \/>\n\t<meta property=\"og:image:type\" content=\"image\/png\" \/>\n<meta name=\"twitter:card\" content=\"summary_large_image\" \/>\n<meta name=\"twitter:label1\" content=\"Gesch\u00e4tzte Lesezeit\" \/>\n\t<meta name=\"twitter:data1\" content=\"1\u00a0Minute\" \/>\n<script type=\"application\/ld+json\" class=\"yoast-schema-graph\">{\"@context\":\"https:\/\/schema.org\",\"@graph\":[{\"@type\":\"WebPage\",\"@id\":\"https:\/\/syncore.com\/de\/kontakt\/\",\"url\":\"https:\/\/syncore.com\/de\/kontakt\/\",\"name\":\"Kontaktieren Sie uns | Beratung zur Lagerautomatisierung\",\"isPartOf\":{\"@id\":\"https:\/\/syncore.com\/#website\"},\"primaryImageOfPage\":{\"@id\":\"https:\/\/syncore.com\/de\/kontakt\/#primaryimage\"},\"image\":{\"@id\":\"https:\/\/syncore.com\/de\/kontakt\/#primaryimage\"},\"thumbnailUrl\":\"https:\/\/syncore.com\/wp-content\/uploads\/2025\/07\/CCO_machiel-vd-hazelkamp-copy.png\",\"datePublished\":\"2025-02-21T14:16:10+00:00\",\"dateModified\":\"2026-05-08T06:28:53+00:00\",\"description\":\"\u2713 Sprechen Sie mit unseren Experten f\u00fcr Lagerautomatisierung \u2713 Kostenlose Beratung verf\u00fcgbar \u2713 Ma\u00dfgeschneiderte L\u00f6sungen f\u00fcr Ihre Bed\u00fcrfnisse \u2713 Europaweite Pr\u00e4senz. Nehmen Sie noch heute Kontakt auf!\",\"breadcrumb\":{\"@id\":\"https:\/\/syncore.com\/de\/kontakt\/#breadcrumb\"},\"inLanguage\":\"de\",\"potentialAction\":[{\"@type\":\"ReadAction\",\"target\":[\"https:\/\/syncore.com\/de\/kontakt\/\"]}]},{\"@type\":\"ImageObject\",\"inLanguage\":\"de\",\"@id\":\"https:\/\/syncore.com\/de\/kontakt\/#primaryimage\",\"url\":\"https:\/\/syncore.com\/wp-content\/uploads\/2025\/07\/CCO_machiel-vd-hazelkamp-copy.png\",\"contentUrl\":\"https:\/\/syncore.com\/wp-content\/uploads\/2025\/07\/CCO_machiel-vd-hazelkamp-copy.png\"},{\"@type\":\"BreadcrumbList\",\"@id\":\"https:\/\/syncore.com\/de\/kontakt\/#breadcrumb\",\"itemListElement\":[{\"@type\":\"ListItem\",\"position\":1,\"name\":\"Start\",\"item\":\"https:\/\/syncore.com\/de\/\"},{\"@type\":\"ListItem\",\"position\":2,\"name\":\"Kontakt\"}]},{\"@type\":\"WebSite\",\"@id\":\"https:\/\/syncore.com\/#website\",\"url\":\"https:\/\/syncore.com\/\",\"name\":\"syncore\",\"description\":\"Warehouse Integrators\",\"publisher\":{\"@id\":\"https:\/\/syncore.com\/#organization\"},\"potentialAction\":[{\"@type\":\"SearchAction\",\"target\":{\"@type\":\"EntryPoint\",\"urlTemplate\":\"https:\/\/syncore.com\/?s={search_term_string}\"},\"query-input\":{\"@type\":\"PropertyValueSpecification\",\"valueRequired\":true,\"valueName\":\"search_term_string\"}}],\"inLanguage\":\"de\"},{\"@type\":\"Organization\",\"@id\":\"https:\/\/syncore.com\/#organization\",\"name\":\"syncore\",\"url\":\"https:\/\/syncore.com\/\",\"logo\":{\"@type\":\"ImageObject\",\"inLanguage\":\"de\",\"@id\":\"https:\/\/syncore.com\/#\/schema\/logo\/image\/\",\"url\":\"\",\"contentUrl\":\"\",\"caption\":\"syncore\"},\"image\":{\"@id\":\"https:\/\/syncore.com\/#\/schema\/logo\/image\/\"}}]}<\/script>\n<!-- \/ Yoast SEO plugin. -->","yoast_head_json":{"title":"Kontaktieren Sie uns | Beratung zur Lagerautomatisierung","description":"\u2713 Sprechen Sie mit unseren Experten f\u00fcr Lagerautomatisierung \u2713 Kostenlose Beratung verf\u00fcgbar \u2713 Ma\u00dfgeschneiderte L\u00f6sungen f\u00fcr Ihre Bed\u00fcrfnisse \u2713 Europaweite Pr\u00e4senz. Nehmen Sie noch heute Kontakt auf!","robots":{"index":"index","follow":"follow","max-snippet":"max-snippet:-1","max-image-preview":"max-image-preview:large","max-video-preview":"max-video-preview:-1"},"canonical":"https:\/\/syncore.com\/de\/kontakt\/","og_locale":"de_DE","og_type":"article","og_title":"Kontaktieren Sie uns | Beratung zur Lagerautomatisierung","og_description":"\u2713 Sprechen Sie mit unseren Experten f\u00fcr Lagerautomatisierung \u2713 Kostenlose Beratung verf\u00fcgbar \u2713 Ma\u00dfgeschneiderte L\u00f6sungen f\u00fcr Ihre Bed\u00fcrfnisse \u2713 Europaweite Pr\u00e4senz. Nehmen Sie noch heute Kontakt auf!","og_url":"https:\/\/syncore.com\/de\/kontakt\/","og_site_name":"Syncore","article_modified_time":"2026-05-08T06:28:53+00:00","og_image":[{"width":578,"height":930,"url":"https:\/\/syncore.com\/wp-content\/uploads\/2025\/07\/CCO_machiel-vd-hazelkamp-copy.png","type":"image\/png"}],"twitter_card":"summary_large_image","twitter_misc":{"Gesch\u00e4tzte Lesezeit":"1\u00a0Minute"},"schema":{"@context":"https:\/\/schema.org","@graph":[{"@type":"WebPage","@id":"https:\/\/syncore.com\/de\/kontakt\/","url":"https:\/\/syncore.com\/de\/kontakt\/","name":"Kontaktieren Sie uns | Beratung zur Lagerautomatisierung","isPartOf":{"@id":"https:\/\/syncore.com\/#website"},"primaryImageOfPage":{"@id":"https:\/\/syncore.com\/de\/kontakt\/#primaryimage"},"image":{"@id":"https:\/\/syncore.com\/de\/kontakt\/#primaryimage"},"thumbnailUrl":"https:\/\/syncore.com\/wp-content\/uploads\/2025\/07\/CCO_machiel-vd-hazelkamp-copy.png","datePublished":"2025-02-21T14:16:10+00:00","dateModified":"2026-05-08T06:28:53+00:00","description":"\u2713 Sprechen Sie mit unseren Experten f\u00fcr Lagerautomatisierung \u2713 Kostenlose Beratung verf\u00fcgbar \u2713 Ma\u00dfgeschneiderte L\u00f6sungen f\u00fcr Ihre Bed\u00fcrfnisse \u2713 Europaweite Pr\u00e4senz. Nehmen Sie noch heute Kontakt auf!","breadcrumb":{"@id":"https:\/\/syncore.com\/de\/kontakt\/#breadcrumb"},"inLanguage":"de","potentialAction":[{"@type":"ReadAction","target":["https:\/\/syncore.com\/de\/kontakt\/"]}]},{"@type":"ImageObject","inLanguage":"de","@id":"https:\/\/syncore.com\/de\/kontakt\/#primaryimage","url":"https:\/\/syncore.com\/wp-content\/uploads\/2025\/07\/CCO_machiel-vd-hazelkamp-copy.png","contentUrl":"https:\/\/syncore.com\/wp-content\/uploads\/2025\/07\/CCO_machiel-vd-hazelkamp-copy.png"},{"@type":"BreadcrumbList","@id":"https:\/\/syncore.com\/de\/kontakt\/#breadcrumb","itemListElement":[{"@type":"ListItem","position":1,"name":"Start","item":"https:\/\/syncore.com\/de\/"},{"@type":"ListItem","position":2,"name":"Kontakt"}]},{"@type":"WebSite","@id":"https:\/\/syncore.com\/#website","url":"https:\/\/syncore.com\/","name":"syncore","description":"Warehouse Integrators","publisher":{"@id":"https:\/\/syncore.com\/#organization"},"potentialAction":[{"@type":"SearchAction","target":{"@type":"EntryPoint","urlTemplate":"https:\/\/syncore.com\/?s={search_term_string}"},"query-input":{"@type":"PropertyValueSpecification","valueRequired":true,"valueName":"search_term_string"}}],"inLanguage":"de"},{"@type":"Organization","@id":"https:\/\/syncore.com\/#organization","name":"syncore","url":"https:\/\/syncore.com\/","logo":{"@type":"ImageObject","inLanguage":"de","@id":"https:\/\/syncore.com\/#\/schema\/logo\/image\/","url":"","contentUrl":"","caption":"syncore"},"image":{"@id":"https:\/\/syncore.com\/#\/schema\/logo\/image\/"}}]}},"_links":{"self":[{"href":"https:\/\/syncore.com\/de\/wp-json\/wp\/v2\/pages\/26424","targetHints":{"allow":["GET"]}}],"collection":[{"href":"https:\/\/syncore.com\/de\/wp-json\/wp\/v2\/pages"}],"about":[{"href":"https:\/\/syncore.com\/de\/wp-json\/wp\/v2\/types\/page"}],"author":[{"embeddable":true,"href":"https:\/\/syncore.com\/de\/wp-json\/wp\/v2\/users\/2"}],"replies":[{"embeddable":true,"href":"https:\/\/syncore.com\/de\/wp-json\/wp\/v2\/comments?post=26424"}],"version-history":[{"count":54,"href":"https:\/\/syncore.com\/de\/wp-json\/wp\/v2\/pages\/26424\/revisions"}],"predecessor-version":[{"id":31762,"href":"https:\/\/syncore.com\/de\/wp-json\/wp\/v2\/pages\/26424\/revisions\/31762"}],"wp:attachment":[{"href":"https:\/\/syncore.com\/de\/wp-json\/wp\/v2\/media?parent=26424"}],"curies":[{"name":"wp","href":"https:\/\/api.w.org\/{rel}","templated":true}]}}