{"id":27059,"date":"2025-02-23T19:29:18","date_gmt":"2025-02-23T19:29:18","guid":{"rendered":"https:\/\/syncore.com\/rechtlicher-hinweis\/"},"modified":"2026-04-07T07:35:32","modified_gmt":"2026-04-07T07:35:32","slug":"rechtlicher-hinweis","status":"publish","type":"page","link":"https:\/\/syncore.com\/de\/rechtlicher-hinweis\/","title":{"rendered":"Rechtlicher Hinweis"},"content":{"rendered":"\t\t<div data-elementor-type=\"wp-page\" data-elementor-id=\"27059\" class=\"elementor elementor-27059 elementor-88\" data-elementor-post-type=\"page\">\n\t\t\t\t<div class=\"elementor-element elementor-element-e89b415 pad_section e-flex e-con-boxed e-con e-parent\" data-id=\"e89b415\" data-element_type=\"container\" data-e-type=\"container\" data-settings=\"{&quot;background_background&quot;:&quot;classic&quot;}\">\n\t\t\t\t\t<div class=\"e-con-inner\">\n\t\t\t\t<div class=\"elementor-element elementor-element-9df9ea4 elementor-widget elementor-widget-heading\" data-id=\"9df9ea4\" data-element_type=\"widget\" data-e-type=\"widget\" data-widget_type=\"heading.default\">\n\t\t\t\t<div class=\"elementor-widget-container\">\n\t\t\t\t\t<h1 class=\"elementor-heading-title elementor-size-default\">Rechtlicher Hinweis<\/h1>\t\t\t\t<\/div>\n\t\t\t\t<\/div>\n\t\t<div class=\"elementor-element elementor-element-25cfcd2 e-con-full e-flex e-con e-child\" data-id=\"25cfcd2\" data-element_type=\"container\" data-e-type=\"container\">\n\t\t<div class=\"elementor-element elementor-element-6c087de e-con-full e-flex e-con e-child\" data-id=\"6c087de\" data-element_type=\"container\" data-e-type=\"container\">\n\t\t\t\t<div class=\"elementor-element elementor-element-766498c elementor-widget elementor-widget-text-editor\" data-id=\"766498c\" data-element_type=\"widget\" data-e-type=\"widget\" data-widget_type=\"text-editor.default\">\n\t\t\t\t<div class=\"elementor-widget-container\">\n\t\t\t\t\t\t\t\t\t<p>F\u00fcr Deutschland:<\/p><div class=\"p-default-page \"><div class=\"a-container p-gutenberg spacing\"><p><strong>Syncore GmbH<\/strong><\/p><p>Talweg 19, <span data-teams=\"true\">74254 Offenau<\/span><\/p><p>+49 (0) 7136 9575 0  <\/p><p>Gesch\u00e4ftsf\u00fchrender Direktor: Gert Bossink<\/p><p>Register-Nr.: HRB 107234<\/p><p>MwSt. Nr.: DE812894665<\/p><p>Handelsgericht Stuttgart  <\/p><\/div><\/div>\t\t\t\t\t\t\t\t<\/div>\n\t\t\t\t<\/div>\n\t\t\t\t<\/div>\n\t\t<div class=\"elementor-element elementor-element-5a03332 e-con-full e-flex e-con e-child\" data-id=\"5a03332\" data-element_type=\"container\" data-e-type=\"container\">\n\t\t\t\t<div class=\"elementor-element elementor-element-da8edc0 elementor-widget elementor-widget-text-editor\" data-id=\"da8edc0\" data-element_type=\"widget\" data-e-type=\"widget\" data-widget_type=\"text-editor.default\">\n\t\t\t\t<div class=\"elementor-widget-container\">\n\t\t\t\t\t\t\t\t\t<p>F\u00fcr die Niederlande:<\/p><div class=\"p-default-page \"><div class=\"a-container p-gutenberg spacing\"><p><strong>Syncore B.V.<\/strong><\/p><p>Impact 50, NL-6921 RZ Duiven, Niederlande<\/p><p>+31 (0) 850 010 020<\/p><p>Gesch\u00e4ftsf\u00fchrender Direktor: Gert Bossink<\/p><p>Register Nr.: KVK 09141493<\/p><p>VAT Nr.: NL 812848457B01<\/p><\/div><\/div>\t\t\t\t\t\t\t\t<\/div>\n\t\t\t\t<\/div>\n\t\t\t\t<\/div>\n\t\t\t\t<\/div>\n\t\t<div class=\"elementor-element elementor-element-404b51d e-con-full e-flex e-con e-child\" data-id=\"404b51d\" data-element_type=\"container\" data-e-type=\"container\">\n\t\t<div class=\"elementor-element elementor-element-50358f2 e-con-full e-flex e-con e-child\" data-id=\"50358f2\" data-element_type=\"container\" data-e-type=\"container\">\n\t\t\t\t<div class=\"elementor-element elementor-element-70b0ae0 elementor-widget elementor-widget-text-editor\" data-id=\"70b0ae0\" data-element_type=\"widget\" data-e-type=\"widget\" data-widget_type=\"text-editor.default\">\n\t\t\t\t<div class=\"elementor-widget-container\">\n\t\t\t\t\t\t\t\t\t<p>  F\u00fcr \u00d6sterreich:<\/p><div class=\"p-default-page \"><div class=\"a-container p-gutenberg spacing\"><p><strong>Syncore WHI GmbH<\/strong><\/p><p>1210 Wien, Floridsdorfer Hauptstra\u00dfe 1, \u00d6sterreich<\/p><p>+43-1-3618331<\/p><p>Gesch\u00e4ftsf\u00fchrender Direktor: Gert Bossink<\/p><p>Register Nr.: FN 549644a<\/p><p>VAT Nr.: ATU76855609<\/p><p>Handelsgericht Wien<\/p><\/div><\/div>\t\t\t\t\t\t\t\t<\/div>\n\t\t\t\t<\/div>\n\t\t\t\t<\/div>\n\t\t<div class=\"elementor-element elementor-element-307e61f e-con-full e-flex e-con e-child\" data-id=\"307e61f\" data-element_type=\"container\" data-e-type=\"container\">\n\t\t\t\t<div class=\"elementor-element elementor-element-761856d elementor-widget elementor-widget-text-editor\" data-id=\"761856d\" data-element_type=\"widget\" data-e-type=\"widget\" data-widget_type=\"text-editor.default\">\n\t\t\t\t<div class=\"elementor-widget-container\">\n\t\t\t\t\t\t\t\t\t<p>F\u00fcr Polen:<\/p><div class=\"p-default-page \"><div class=\"a-container p-gutenberg spacing\"><p><strong>Syncore Polen Sp. z o.o. <\/strong><\/p><p>Browarowa 21, 43-100 Tychy, Polen<\/p><p>+48 (0) 578 19 99 95<\/p><p>Landesleiter: Michal Ochmanski<\/p><p>Register Nr.: KRS Nr. 000711090<\/p><p>VAT Nr.: PL 5272832591<\/p><\/div><\/div>\t\t\t\t\t\t\t\t<\/div>\n\t\t\t\t<\/div>\n\t\t\t\t<\/div>\n\t\t\t\t<\/div>\n\t\t<div class=\"elementor-element elementor-element-e698727 e-con-full e-flex e-con e-child\" data-id=\"e698727\" data-element_type=\"container\" data-e-type=\"container\">\n\t\t<div class=\"elementor-element elementor-element-489e222 e-con-full e-flex e-con e-child\" data-id=\"489e222\" data-element_type=\"container\" data-e-type=\"container\">\n\t\t\t\t<div class=\"elementor-element elementor-element-0a94558 elementor-widget elementor-widget-text-editor\" data-id=\"0a94558\" data-element_type=\"widget\" data-e-type=\"widget\" data-widget_type=\"text-editor.default\">\n\t\t\t\t<div class=\"elementor-widget-container\">\n\t\t\t\t\t\t\t\t\t<p>F\u00fcr alle anderen L\u00e4nder:<\/p><div class=\"p-default-page \"><div class=\"a-container p-gutenberg spacing\"><p><strong>Syncore B.V.<\/strong><\/p><p>Impact 50, NL-6921 RZ Duiven, Niederlande<\/p><p>+31 (0) 850 010 020<\/p><p>Gesch\u00e4ftsf\u00fchrender Direktor: Gert Bossink<\/p><p>Register Nr.: KVK 09141493<\/p><p>VAT Nr.: NL 812848457B01<\/p><\/div><\/div>\t\t\t\t\t\t\t\t<\/div>\n\t\t\t\t<\/div>\n\t\t\t\t<\/div>\n\t\t\t\t<\/div>\n\t\t\t\t<div class=\"elementor-element elementor-element-ed73b76 elementor-widget elementor-widget-text-editor\" data-id=\"ed73b76\" data-element_type=\"widget\" data-e-type=\"widget\" data-widget_type=\"text-editor.default\">\n\t\t\t\t<div class=\"elementor-widget-container\">\n\t\t\t\t\t\t\t\t\t<div class=\"p-default-page \"><div class=\"a-container p-gutenberg spacing\"><p>Der Autor und Herausgeber der Domain www.Syncore.com ist Syncore B.V. Alle Rechte vorbehalten. Sollten Sie weitere Fragen haben, stehen wir Ihnen gerne zur Verf\u00fcgung. <\/p><\/div><\/div>\t\t\t\t\t\t\t\t<\/div>\n\t\t\t\t<\/div>\n\t\t\t\t<div class=\"elementor-element elementor-element-d5b62fb elementor-widget elementor-widget-heading\" data-id=\"d5b62fb\" data-element_type=\"widget\" data-e-type=\"widget\" data-widget_type=\"heading.default\">\n\t\t\t\t<div class=\"elementor-widget-container\">\n\t\t\t\t\t<h2 class=\"elementor-heading-title elementor-size-default\">Copyright<\/h2>\t\t\t\t<\/div>\n\t\t\t\t<\/div>\n\t\t\t\t<div class=\"elementor-element elementor-element-a61e100 elementor-widget elementor-widget-text-editor\" data-id=\"a61e100\" data-element_type=\"widget\" data-e-type=\"widget\" data-widget_type=\"text-editor.default\">\n\t\t\t\t<div class=\"elementor-widget-container\">\n\t\t\t\t\t\t\t\t\t<div class=\"p-default-page \"><div class=\"a-container p-gutenberg spacing\"><p>Das gesamte Material innerhalb dieser Seiten, einschlie\u00dflich aller Texte, Fotos, Videos, Design, Grafiken, Musik und T\u00f6ne, ist urheberrechtlich gesch\u00fctzt, sowohl als einzelner Service als auch als Sammlung. Das Herunterladen und die Nutzung von urheberrechtlich gesch\u00fctztem Material, das von Syncore BV zur Verf\u00fcgung gestellt wird, ist nur f\u00fcr den privaten Gebrauch gestattet, sofern dies im Rahmen der geltenden gesetzlichen Bestimmungen geschieht. Dritten ist es jedoch nicht gestattet, dieses Material in elektronischer oder sonstiger Form in einem anderen Datenformat zu vervielf\u00e4ltigen, zu \u00fcbertragen, zu verbreiten, zu ver\u00f6ffentlichen, anderweitig kommerziell zu verwerten oder in sonstiger Weise zu nutzen.  <\/p><p>Markennamen werden frei und ohne gesonderte Kennzeichnung verwendet. Diese Namen sind das Eigentum ihrer jeweiligen Besitzer. <\/p><\/div><\/div><section class=\"o-contact a-container\"><div class=\"o-contact__wrapper\"><div class=\"o-contact__left\"> <\/div><\/div><\/section>\t\t\t\t\t\t\t\t<\/div>\n\t\t\t\t<\/div>\n\t\t\t\t\t<\/div>\n\t\t\t\t<\/div>\n\t\t\t\t<\/div>\n\t\t","protected":false},"excerpt":{"rendered":"<p>Rechtlicher Hinweis F\u00fcr Deutschland: Syncore GmbH Talweg 19, 74254 Offenau +49 (0) 7136 9575 0 Gesch\u00e4ftsf\u00fchrender Direktor: Gert Bossink Register-Nr.: HRB 107234 MwSt. Nr.: DE812894665 Handelsgericht Stuttgart F\u00fcr die Niederlande: Syncore B.V. Impact 50, NL-6921 RZ Duiven, Niederlande +31 (0) 850 010 020 Gesch\u00e4ftsf\u00fchrender Direktor: Gert Bossink Register Nr.: KVK 09141493 VAT Nr.: NL 812848457B01 [&hellip;]<\/p>\n","protected":false},"author":2,"featured_media":0,"parent":0,"menu_order":0,"comment_status":"closed","ping_status":"closed","template":"elementor_header_footer","meta":{"_acf_changed":false,"content-type":"","footnotes":""},"class_list":["post-27059","page","type-page","status-publish","hentry"],"acf":[],"yoast_head":"<!-- This site is optimized with the Yoast SEO plugin v26.8 - https:\/\/yoast.com\/product\/yoast-seo-wordpress\/ -->\n<title>Rechtlicher Hinweis - Syncore<\/title>\n<meta name=\"robots\" content=\"index, follow, max-snippet:-1, max-image-preview:large, max-video-preview:-1\" \/>\n<link rel=\"canonical\" href=\"https:\/\/syncore.com\/de\/rechtlicher-hinweis\/\" \/>\n<meta property=\"og:locale\" content=\"de_DE\" \/>\n<meta property=\"og:type\" content=\"article\" \/>\n<meta property=\"og:title\" content=\"Rechtlicher Hinweis - Syncore\" \/>\n<meta property=\"og:description\" content=\"Rechtlicher Hinweis F\u00fcr Deutschland: Syncore GmbH Talweg 19, 74254 Offenau +49 (0) 7136 9575 0 Gesch\u00e4ftsf\u00fchrender Direktor: Gert Bossink Register-Nr.: HRB 107234 MwSt. Nr.: DE812894665 Handelsgericht Stuttgart F\u00fcr die Niederlande: Syncore B.V. Impact 50, NL-6921 RZ Duiven, Niederlande +31 (0) 850 010 020 Gesch\u00e4ftsf\u00fchrender Direktor: Gert Bossink Register Nr.: KVK 09141493 VAT Nr.: NL 812848457B01 [&hellip;]\" \/>\n<meta property=\"og:url\" content=\"https:\/\/syncore.com\/de\/rechtlicher-hinweis\/\" \/>\n<meta property=\"og:site_name\" content=\"Syncore\" \/>\n<meta property=\"article:modified_time\" content=\"2026-04-07T07:35:32+00:00\" \/>\n<meta name=\"twitter:card\" content=\"summary_large_image\" \/>\n<meta name=\"twitter:label1\" content=\"Gesch\u00e4tzte Lesezeit\" \/>\n\t<meta name=\"twitter:data1\" content=\"1\u00a0Minute\" \/>\n<script type=\"application\/ld+json\" class=\"yoast-schema-graph\">{\"@context\":\"https:\/\/schema.org\",\"@graph\":[{\"@type\":\"WebPage\",\"@id\":\"https:\/\/syncore.com\/de\/rechtlicher-hinweis\/\",\"url\":\"https:\/\/syncore.com\/de\/rechtlicher-hinweis\/\",\"name\":\"Rechtlicher Hinweis - Syncore\",\"isPartOf\":{\"@id\":\"https:\/\/syncore.com\/#website\"},\"datePublished\":\"2025-02-23T19:29:18+00:00\",\"dateModified\":\"2026-04-07T07:35:32+00:00\",\"breadcrumb\":{\"@id\":\"https:\/\/syncore.com\/de\/rechtlicher-hinweis\/#breadcrumb\"},\"inLanguage\":\"de\",\"potentialAction\":[{\"@type\":\"ReadAction\",\"target\":[\"https:\/\/syncore.com\/de\/rechtlicher-hinweis\/\"]}]},{\"@type\":\"BreadcrumbList\",\"@id\":\"https:\/\/syncore.com\/de\/rechtlicher-hinweis\/#breadcrumb\",\"itemListElement\":[{\"@type\":\"ListItem\",\"position\":1,\"name\":\"Start\",\"item\":\"https:\/\/syncore.com\/de\/\"},{\"@type\":\"ListItem\",\"position\":2,\"name\":\"Rechtlicher Hinweis\"}]},{\"@type\":\"WebSite\",\"@id\":\"https:\/\/syncore.com\/#website\",\"url\":\"https:\/\/syncore.com\/\",\"name\":\"syncore\",\"description\":\"Warehouse Integrators\",\"publisher\":{\"@id\":\"https:\/\/syncore.com\/#organization\"},\"potentialAction\":[{\"@type\":\"SearchAction\",\"target\":{\"@type\":\"EntryPoint\",\"urlTemplate\":\"https:\/\/syncore.com\/?s={search_term_string}\"},\"query-input\":{\"@type\":\"PropertyValueSpecification\",\"valueRequired\":true,\"valueName\":\"search_term_string\"}}],\"inLanguage\":\"de\"},{\"@type\":\"Organization\",\"@id\":\"https:\/\/syncore.com\/#organization\",\"name\":\"syncore\",\"url\":\"https:\/\/syncore.com\/\",\"logo\":{\"@type\":\"ImageObject\",\"inLanguage\":\"de\",\"@id\":\"https:\/\/syncore.com\/#\/schema\/logo\/image\/\",\"url\":\"\",\"contentUrl\":\"\",\"caption\":\"syncore\"},\"image\":{\"@id\":\"https:\/\/syncore.com\/#\/schema\/logo\/image\/\"}}]}<\/script>\n<!-- \/ Yoast SEO plugin. -->","yoast_head_json":{"title":"Rechtlicher Hinweis - Syncore","robots":{"index":"index","follow":"follow","max-snippet":"max-snippet:-1","max-image-preview":"max-image-preview:large","max-video-preview":"max-video-preview:-1"},"canonical":"https:\/\/syncore.com\/de\/rechtlicher-hinweis\/","og_locale":"de_DE","og_type":"article","og_title":"Rechtlicher Hinweis - Syncore","og_description":"Rechtlicher Hinweis F\u00fcr Deutschland: Syncore GmbH Talweg 19, 74254 Offenau +49 (0) 7136 9575 0 Gesch\u00e4ftsf\u00fchrender Direktor: Gert Bossink Register-Nr.: HRB 107234 MwSt. Nr.: DE812894665 Handelsgericht Stuttgart F\u00fcr die Niederlande: Syncore B.V. Impact 50, NL-6921 RZ Duiven, Niederlande +31 (0) 850 010 020 Gesch\u00e4ftsf\u00fchrender Direktor: Gert Bossink Register Nr.: KVK 09141493 VAT Nr.: NL 812848457B01 [&hellip;]","og_url":"https:\/\/syncore.com\/de\/rechtlicher-hinweis\/","og_site_name":"Syncore","article_modified_time":"2026-04-07T07:35:32+00:00","twitter_card":"summary_large_image","twitter_misc":{"Gesch\u00e4tzte Lesezeit":"1\u00a0Minute"},"schema":{"@context":"https:\/\/schema.org","@graph":[{"@type":"WebPage","@id":"https:\/\/syncore.com\/de\/rechtlicher-hinweis\/","url":"https:\/\/syncore.com\/de\/rechtlicher-hinweis\/","name":"Rechtlicher Hinweis - Syncore","isPartOf":{"@id":"https:\/\/syncore.com\/#website"},"datePublished":"2025-02-23T19:29:18+00:00","dateModified":"2026-04-07T07:35:32+00:00","breadcrumb":{"@id":"https:\/\/syncore.com\/de\/rechtlicher-hinweis\/#breadcrumb"},"inLanguage":"de","potentialAction":[{"@type":"ReadAction","target":["https:\/\/syncore.com\/de\/rechtlicher-hinweis\/"]}]},{"@type":"BreadcrumbList","@id":"https:\/\/syncore.com\/de\/rechtlicher-hinweis\/#breadcrumb","itemListElement":[{"@type":"ListItem","position":1,"name":"Start","item":"https:\/\/syncore.com\/de\/"},{"@type":"ListItem","position":2,"name":"Rechtlicher Hinweis"}]},{"@type":"WebSite","@id":"https:\/\/syncore.com\/#website","url":"https:\/\/syncore.com\/","name":"syncore","description":"Warehouse Integrators","publisher":{"@id":"https:\/\/syncore.com\/#organization"},"potentialAction":[{"@type":"SearchAction","target":{"@type":"EntryPoint","urlTemplate":"https:\/\/syncore.com\/?s={search_term_string}"},"query-input":{"@type":"PropertyValueSpecification","valueRequired":true,"valueName":"search_term_string"}}],"inLanguage":"de"},{"@type":"Organization","@id":"https:\/\/syncore.com\/#organization","name":"syncore","url":"https:\/\/syncore.com\/","logo":{"@type":"ImageObject","inLanguage":"de","@id":"https:\/\/syncore.com\/#\/schema\/logo\/image\/","url":"","contentUrl":"","caption":"syncore"},"image":{"@id":"https:\/\/syncore.com\/#\/schema\/logo\/image\/"}}]}},"_links":{"self":[{"href":"https:\/\/syncore.com\/de\/wp-json\/wp\/v2\/pages\/27059","targetHints":{"allow":["GET"]}}],"collection":[{"href":"https:\/\/syncore.com\/de\/wp-json\/wp\/v2\/pages"}],"about":[{"href":"https:\/\/syncore.com\/de\/wp-json\/wp\/v2\/types\/page"}],"author":[{"embeddable":true,"href":"https:\/\/syncore.com\/de\/wp-json\/wp\/v2\/users\/2"}],"replies":[{"embeddable":true,"href":"https:\/\/syncore.com\/de\/wp-json\/wp\/v2\/comments?post=27059"}],"version-history":[{"count":18,"href":"https:\/\/syncore.com\/de\/wp-json\/wp\/v2\/pages\/27059\/revisions"}],"predecessor-version":[{"id":30584,"href":"https:\/\/syncore.com\/de\/wp-json\/wp\/v2\/pages\/27059\/revisions\/30584"}],"wp:attachment":[{"href":"https:\/\/syncore.com\/de\/wp-json\/wp\/v2\/media?parent=27059"}],"curies":[{"name":"wp","href":"https:\/\/api.w.org\/{rel}","templated":true}]}}