{"id":26396,"date":"2025-11-12T14:58:07","date_gmt":"2025-11-12T14:58:07","guid":{"rendered":"https:\/\/syncore.com\/polityka-dotyczaca-plikow-cookie\/"},"modified":"2026-03-13T07:47:49","modified_gmt":"2026-03-13T07:47:49","slug":"polityka-dotyczaca-plikow-cookie","status":"publish","type":"page","link":"https:\/\/syncore.com\/pl\/polityka-dotyczaca-plikow-cookie\/","title":{"rendered":"Polityka dotycz\u0105ca plik\u00f3w cookie"},"content":{"rendered":"\t\t<div data-elementor-type=\"wp-page\" data-elementor-id=\"26396\" class=\"elementor elementor-26396 elementor-22880\" data-elementor-post-type=\"page\">\n\t\t\t\t<div class=\"elementor-element elementor-element-a61825b pad_section e-flex e-con-boxed e-con e-parent\" data-id=\"a61825b\" data-element_type=\"container\" data-e-type=\"container\" data-settings=\"{&quot;background_background&quot;:&quot;classic&quot;}\">\n\t\t\t\t\t<div class=\"e-con-inner\">\n\t\t\t\t<div class=\"elementor-element elementor-element-d6548f9 elementor-widget elementor-widget-heading\" data-id=\"d6548f9\" data-element_type=\"widget\" data-e-type=\"widget\" data-widget_type=\"heading.default\">\n\t\t\t\t<div class=\"elementor-widget-container\">\n\t\t\t\t\t<h1 class=\"elementor-heading-title elementor-size-default\">Polityka dotycz\u0105ca plik\u00f3w cookie<\/h1>\t\t\t\t<\/div>\n\t\t\t\t<\/div>\n\t\t\t\t<div class=\"elementor-element elementor-element-a7dbe5a elementor-widget elementor-widget-text-editor\" data-id=\"a7dbe5a\" data-element_type=\"widget\" data-e-type=\"widget\" data-widget_type=\"text-editor.default\">\n\t\t\t\t<div class=\"elementor-widget-container\">\n\t\t\t\t\t\t\t\t\t<main><\/main>\n\n<div class=\"p-default-page \">\n<div class=\"a-container p-gutenberg spacing\">\n<div class=\"p-default-page \">\n<div class=\"a-container p-gutenberg spacing\">\n<div id=\"cookies-policy\">\n\nNiniejsza strona internetowa jest w\u0142asno\u015bci\u0105 i jest kontrolowana przez syncore BV (dalej &#8222;my&#8221; lub &#8222;nas&#8221;). Nasza strona internetowa wykorzystuje pliki cookie i podobne technologie. Niniejsza Polityka dotycz\u0105ca plik\u00f3w cookie opisuje, jakich plik\u00f3w cookie u\u017cywamy, do jakich cel\u00f3w ich u\u017cywamy oraz dost\u0119pne opcje zarz\u0105dzania tymi plikami cookie.  \n<h3>Czym s\u0105 pliki cookie?<\/h3>\nPliki cookie to niewielkie pliki tekstowe przechowywane na komputerze lub urz\u0105dzeniu mobilnym u\u017cytkownika przez odwiedzane przez niego strony internetowe. S\u0105 one powszechnie stosowane w celu usprawnienia dzia\u0142ania stron internetowych, a tak\u017ce w celu zapewnienia odwiedzaj\u0105cym funkcjonalno\u015bci, kt\u00f3re mog\u0105 na przyk\u0142ad zwi\u0119kszy\u0107 przyjazno\u015b\u0107 dla odwiedzaj\u0105cych. \n\nNa tej stronie u\u017cywamy plik\u00f3w cookie, kt\u00f3re s\u0105 absolutnie niezb\u0119dne do umo\u017cliwienia poruszania si\u0119 po stronie lub zapewnienia pewnych podstawowych funkcji. U\u017cywamy plik\u00f3w cookie w celu zwi\u0119kszenia funkcjonalno\u015bci witryny, na przyk\u0142ad poprzez przechowywanie preferencji u\u017cytkownika. U\u017cywamy r\u00f3wnie\u017c plik\u00f3w cookie, aby pom\u00f3c nam poprawi\u0107 wydajno\u015b\u0107 naszej strony internetowej i zapewni\u0107 lepsze wra\u017cenia u\u017cytkownika.  \n\nAby w pe\u0142ni korzysta\u0107 z tej witryny, nale\u017cy w\u0142\u0105czy\u0107 wszystkie pliki cookie. Je\u015bli u\u017cytkownik nie chce w\u0142\u0105czy\u0107 plik\u00f3w cookie lub chce wy\u0142\u0105czy\u0107 okre\u015blone pliki cookie, nadal b\u0119dzie m\u00f3g\u0142 korzysta\u0107 z witryny, ale mo\u017ce nie by\u0107 w stanie korzysta\u0107 ze wszystkich jej funkcji lub funkcji. Poni\u017cej znajduje si\u0119 sekcja dotycz\u0105ca zarz\u0105dzania plikami cookie.  \n<h3>U\u017cywane przez nas pliki cookie i ich cele<\/h3>\nPliki cookie s\u0105 wykorzystywane do r\u00f3\u017cnych cel\u00f3w. Zapoznaj si\u0119 z nasz\u0105 tabel\u0105 plik\u00f3w cookie na ko\u0144cu tej strony, aby dowiedzie\u0107 si\u0119 wi\u0119cej o tym, jakich plik\u00f3w cookie pierwszej i trzeciej kategorii u\u017cywamy na naszej stronie internetowej, dlaczego ich u\u017cywamy i jak d\u0142ugo r\u00f3\u017cne pliki cookie s\u0105 przechowywane na komputerze lub urz\u0105dzeniu mobilnym u\u017cytkownika. \n<h2><\/h2>\n<h3>Jak zarz\u0105dza\u0107 plikami cookie<\/h3>\nJe\u015bli u\u017cytkownik nie chce, aby nasza witryna zapisywa\u0142a pliki cookie na jego komputerze lub urz\u0105dzeniu mobilnym, mo\u017ce zmieni\u0107 ustawienia przegl\u0105darki. U\u017cytkownik mo\u017ce dostosowa\u0107 ustawienia w taki spos\u00f3b, aby otrzymywa\u0107 ostrze\u017cenie przed zapisaniem okre\u015blonych plik\u00f3w cookie. Inn\u0105 opcj\u0105 jest dostosowanie ustawie\u0144 tak, aby przegl\u0105darka odrzuca\u0142a wi\u0119kszo\u015b\u0107 naszych plik\u00f3w cookie lub tylko niekt\u00f3re z nich.  \n\nPami\u0119taj, \u017ce je\u015bli nie chcesz akceptowa\u0107 \u017cadnych plik\u00f3w cookie, nie mo\u017cemy zagwarantowa\u0107, \u017ce nasza witryna b\u0119dzie dzia\u0142a\u0107 poprawnie. Mo\u017ce si\u0119 zdarzy\u0107, \u017ce niekt\u00f3re funkcje b\u0119d\u0105 niedost\u0119pne lub nawet nie b\u0119dzie mo\u017cna wy\u015bwietli\u0107 niekt\u00f3rych cz\u0119\u015bci witryny. \n\nNale\u017cy pami\u0119ta\u0107, \u017ce konieczna b\u0119dzie zmiana ustawie\u0144 dla ka\u017cdej u\u017cywanej przegl\u0105darki i urz\u0105dzenia. Procedury zmiany ustawie\u0144 i plik\u00f3w cookie r\u00f3\u017cni\u0105 si\u0119 w zale\u017cno\u015bci od przegl\u0105darki. W razie potrzeby nale\u017cy skorzysta\u0107 z funkcji pomocy w przegl\u0105darce lub klikn\u0105\u0107 jeden z poni\u017cszych link\u00f3w, aby przej\u015b\u0107 bezpo\u015brednio do instrukcji obs\u0142ugi przegl\u0105darki:  \n<ul>\n \t<li><a href=\"https:\/\/support.microsoft.com\/en-us\/help\/17442\/windows-internet-explorer-delete-manage-cookies\">Internet Explorer<\/a><\/li>\n \t<li><a href=\"https:\/\/support.mozilla.com\/en-US\/kb\/cookies-information-websites-store-on-your-computer?redirectlocale=en-US&amp;redirectslug=Cookies\">Mozilla Firefox<\/a><\/li>\n \t<li><a href=\"https:\/\/support.google.com\/chrome\/answer\/95647?hl=en\">Google Chrome<\/a><\/li>\n \t<li><a href=\"https:\/\/support.apple.com\/kb\/ph21411?locale=en_GB\">Safari<\/a><\/li>\n \t<li><a href=\"https:\/\/www.opera.com\/help\/tutorials\/security\/privacy\/\">Opera<\/a><\/li>\n<\/ul>\nDost\u0119pne jest r\u00f3wnie\u017c oprogramowanie, kt\u00f3re mo\u017ce zarz\u0105dza\u0107 plikami cookie.\n<h2><\/h2>\n<h3>Zmiany w polityce<\/h3>\nOd czasu do czasu mo\u017cemy zmienia\u0107 niniejsze zasady dotycz\u0105ce plik\u00f3w cookie. W przypadku zasadniczej zmiany, kt\u00f3ra wymaga od nas poinformowania o tym u\u017cytkownika, lub je\u015bli zmiana jest w jakikolwiek inny spos\u00f3b istotna dla u\u017cytkownika, zapewnimy, \u017ce informacje zostan\u0105 przekazane u\u017cytkownikowi z odpowiednim wyprzedzeniem, zanim zmiana faktycznie wejdzie w \u017cycie. \n<h2><\/h2>\n<h3>Kontakt i zapytania<\/h3>\nW przypadku jakichkolwiek pyta\u0144 dotycz\u0105cych plik\u00f3w cookie u\u017cywanych na naszej stronie internetowej, prosimy o kontakt pod adresem gdpr@royal.reesink.nl i podanie charakteru zapytania.\n\n<\/div>\n<\/div>\n<\/div>\n<section class=\"o-contact a-container\">\n<div class=\"o-contact__wrapper\">\n<div class=\"o-contact__left\"><\/div>\n<\/div>\n<\/section><\/div>\n<\/div>\t\t\t\t\t\t\t\t<\/div>\n\t\t\t\t<\/div>\n\t\t\t\t\t<\/div>\n\t\t\t\t<\/div>\n\t\t\t\t<\/div>\n\t\t","protected":false},"excerpt":{"rendered":"<p>Polityka dotycz\u0105ca plik\u00f3w cookie Niniejsza strona internetowa jest w\u0142asno\u015bci\u0105 i jest kontrolowana przez syncore BV (dalej &#8222;my&#8221; lub &#8222;nas&#8221;). Nasza strona internetowa wykorzystuje pliki cookie i podobne technologie. Niniejsza Polityka dotycz\u0105ca plik\u00f3w cookie opisuje, jakich plik\u00f3w cookie u\u017cywamy, do jakich cel\u00f3w ich u\u017cywamy oraz dost\u0119pne opcje zarz\u0105dzania tymi plikami cookie. Czym s\u0105 pliki cookie? Pliki [&hellip;]<\/p>\n","protected":false},"author":2,"featured_media":0,"parent":0,"menu_order":0,"comment_status":"closed","ping_status":"closed","template":"elementor_header_footer","meta":{"_acf_changed":false,"content-type":"","footnotes":""},"class_list":["post-26396","page","type-page","status-publish","hentry"],"acf":[],"yoast_head":"<!-- This site is optimized with the Yoast SEO plugin v26.8 - https:\/\/yoast.com\/product\/yoast-seo-wordpress\/ -->\n<title>Polityka dotycz\u0105ca plik\u00f3w cookie - Syncore<\/title>\n<meta name=\"robots\" content=\"index, follow, max-snippet:-1, max-image-preview:large, max-video-preview:-1\" \/>\n<link rel=\"canonical\" href=\"https:\/\/syncore.com\/pl\/polityka-dotyczaca-plikow-cookie\/\" \/>\n<meta property=\"og:locale\" content=\"pl_PL\" \/>\n<meta property=\"og:type\" content=\"article\" \/>\n<meta property=\"og:title\" content=\"Polityka dotycz\u0105ca plik\u00f3w cookie - Syncore\" \/>\n<meta property=\"og:description\" content=\"Polityka dotycz\u0105ca plik\u00f3w cookie Niniejsza strona internetowa jest w\u0142asno\u015bci\u0105 i jest kontrolowana przez syncore BV (dalej &#8222;my&#8221; lub &#8222;nas&#8221;). Nasza strona internetowa wykorzystuje pliki cookie i podobne technologie. Niniejsza Polityka dotycz\u0105ca plik\u00f3w cookie opisuje, jakich plik\u00f3w cookie u\u017cywamy, do jakich cel\u00f3w ich u\u017cywamy oraz dost\u0119pne opcje zarz\u0105dzania tymi plikami cookie. Czym s\u0105 pliki cookie? Pliki [&hellip;]\" \/>\n<meta property=\"og:url\" content=\"https:\/\/syncore.com\/pl\/polityka-dotyczaca-plikow-cookie\/\" \/>\n<meta property=\"og:site_name\" content=\"Syncore\" \/>\n<meta property=\"article:modified_time\" content=\"2026-03-13T07:47:49+00:00\" \/>\n<meta name=\"twitter:card\" content=\"summary_large_image\" \/>\n<meta name=\"twitter:label1\" content=\"Szacowany czas czytania\" \/>\n\t<meta name=\"twitter:data1\" content=\"3 minuty\" \/>\n<script type=\"application\/ld+json\" class=\"yoast-schema-graph\">{\"@context\":\"https:\/\/schema.org\",\"@graph\":[{\"@type\":\"WebPage\",\"@id\":\"https:\/\/syncore.com\/pl\/polityka-dotyczaca-plikow-cookie\/\",\"url\":\"https:\/\/syncore.com\/pl\/polityka-dotyczaca-plikow-cookie\/\",\"name\":\"Polityka dotycz\u0105ca plik\u00f3w cookie - Syncore\",\"isPartOf\":{\"@id\":\"https:\/\/syncore.com\/#website\"},\"datePublished\":\"2025-11-12T14:58:07+00:00\",\"dateModified\":\"2026-03-13T07:47:49+00:00\",\"breadcrumb\":{\"@id\":\"https:\/\/syncore.com\/pl\/polityka-dotyczaca-plikow-cookie\/#breadcrumb\"},\"inLanguage\":\"pl-PL\",\"potentialAction\":[{\"@type\":\"ReadAction\",\"target\":[\"https:\/\/syncore.com\/pl\/polityka-dotyczaca-plikow-cookie\/\"]}]},{\"@type\":\"BreadcrumbList\",\"@id\":\"https:\/\/syncore.com\/pl\/polityka-dotyczaca-plikow-cookie\/#breadcrumb\",\"itemListElement\":[{\"@type\":\"ListItem\",\"position\":1,\"name\":\"Start\",\"item\":\"https:\/\/syncore.com\/pl\/\"},{\"@type\":\"ListItem\",\"position\":2,\"name\":\"Polityka dotycz\u0105ca plik\u00f3w cookie\"}]},{\"@type\":\"WebSite\",\"@id\":\"https:\/\/syncore.com\/#website\",\"url\":\"https:\/\/syncore.com\/\",\"name\":\"syncore\",\"description\":\"Warehouse Integrators\",\"publisher\":{\"@id\":\"https:\/\/syncore.com\/#organization\"},\"potentialAction\":[{\"@type\":\"SearchAction\",\"target\":{\"@type\":\"EntryPoint\",\"urlTemplate\":\"https:\/\/syncore.com\/?s={search_term_string}\"},\"query-input\":{\"@type\":\"PropertyValueSpecification\",\"valueRequired\":true,\"valueName\":\"search_term_string\"}}],\"inLanguage\":\"pl-PL\"},{\"@type\":\"Organization\",\"@id\":\"https:\/\/syncore.com\/#organization\",\"name\":\"syncore\",\"url\":\"https:\/\/syncore.com\/\",\"logo\":{\"@type\":\"ImageObject\",\"inLanguage\":\"pl-PL\",\"@id\":\"https:\/\/syncore.com\/#\/schema\/logo\/image\/\",\"url\":\"\",\"contentUrl\":\"\",\"caption\":\"syncore\"},\"image\":{\"@id\":\"https:\/\/syncore.com\/#\/schema\/logo\/image\/\"}}]}<\/script>\n<!-- \/ Yoast SEO plugin. -->","yoast_head_json":{"title":"Polityka dotycz\u0105ca plik\u00f3w cookie - Syncore","robots":{"index":"index","follow":"follow","max-snippet":"max-snippet:-1","max-image-preview":"max-image-preview:large","max-video-preview":"max-video-preview:-1"},"canonical":"https:\/\/syncore.com\/pl\/polityka-dotyczaca-plikow-cookie\/","og_locale":"pl_PL","og_type":"article","og_title":"Polityka dotycz\u0105ca plik\u00f3w cookie - Syncore","og_description":"Polityka dotycz\u0105ca plik\u00f3w cookie Niniejsza strona internetowa jest w\u0142asno\u015bci\u0105 i jest kontrolowana przez syncore BV (dalej &#8222;my&#8221; lub &#8222;nas&#8221;). Nasza strona internetowa wykorzystuje pliki cookie i podobne technologie. Niniejsza Polityka dotycz\u0105ca plik\u00f3w cookie opisuje, jakich plik\u00f3w cookie u\u017cywamy, do jakich cel\u00f3w ich u\u017cywamy oraz dost\u0119pne opcje zarz\u0105dzania tymi plikami cookie. Czym s\u0105 pliki cookie? Pliki [&hellip;]","og_url":"https:\/\/syncore.com\/pl\/polityka-dotyczaca-plikow-cookie\/","og_site_name":"Syncore","article_modified_time":"2026-03-13T07:47:49+00:00","twitter_card":"summary_large_image","twitter_misc":{"Szacowany czas czytania":"3 minuty"},"schema":{"@context":"https:\/\/schema.org","@graph":[{"@type":"WebPage","@id":"https:\/\/syncore.com\/pl\/polityka-dotyczaca-plikow-cookie\/","url":"https:\/\/syncore.com\/pl\/polityka-dotyczaca-plikow-cookie\/","name":"Polityka dotycz\u0105ca plik\u00f3w cookie - Syncore","isPartOf":{"@id":"https:\/\/syncore.com\/#website"},"datePublished":"2025-11-12T14:58:07+00:00","dateModified":"2026-03-13T07:47:49+00:00","breadcrumb":{"@id":"https:\/\/syncore.com\/pl\/polityka-dotyczaca-plikow-cookie\/#breadcrumb"},"inLanguage":"pl-PL","potentialAction":[{"@type":"ReadAction","target":["https:\/\/syncore.com\/pl\/polityka-dotyczaca-plikow-cookie\/"]}]},{"@type":"BreadcrumbList","@id":"https:\/\/syncore.com\/pl\/polityka-dotyczaca-plikow-cookie\/#breadcrumb","itemListElement":[{"@type":"ListItem","position":1,"name":"Start","item":"https:\/\/syncore.com\/pl\/"},{"@type":"ListItem","position":2,"name":"Polityka dotycz\u0105ca plik\u00f3w cookie"}]},{"@type":"WebSite","@id":"https:\/\/syncore.com\/#website","url":"https:\/\/syncore.com\/","name":"syncore","description":"Warehouse Integrators","publisher":{"@id":"https:\/\/syncore.com\/#organization"},"potentialAction":[{"@type":"SearchAction","target":{"@type":"EntryPoint","urlTemplate":"https:\/\/syncore.com\/?s={search_term_string}"},"query-input":{"@type":"PropertyValueSpecification","valueRequired":true,"valueName":"search_term_string"}}],"inLanguage":"pl-PL"},{"@type":"Organization","@id":"https:\/\/syncore.com\/#organization","name":"syncore","url":"https:\/\/syncore.com\/","logo":{"@type":"ImageObject","inLanguage":"pl-PL","@id":"https:\/\/syncore.com\/#\/schema\/logo\/image\/","url":"","contentUrl":"","caption":"syncore"},"image":{"@id":"https:\/\/syncore.com\/#\/schema\/logo\/image\/"}}]}},"_links":{"self":[{"href":"https:\/\/syncore.com\/pl\/wp-json\/wp\/v2\/pages\/26396","targetHints":{"allow":["GET"]}}],"collection":[{"href":"https:\/\/syncore.com\/pl\/wp-json\/wp\/v2\/pages"}],"about":[{"href":"https:\/\/syncore.com\/pl\/wp-json\/wp\/v2\/types\/page"}],"author":[{"embeddable":true,"href":"https:\/\/syncore.com\/pl\/wp-json\/wp\/v2\/users\/2"}],"replies":[{"embeddable":true,"href":"https:\/\/syncore.com\/pl\/wp-json\/wp\/v2\/comments?post=26396"}],"version-history":[{"count":1,"href":"https:\/\/syncore.com\/pl\/wp-json\/wp\/v2\/pages\/26396\/revisions"}],"predecessor-version":[{"id":26397,"href":"https:\/\/syncore.com\/pl\/wp-json\/wp\/v2\/pages\/26396\/revisions\/26397"}],"wp:attachment":[{"href":"https:\/\/syncore.com\/pl\/wp-json\/wp\/v2\/media?parent=26396"}],"curies":[{"name":"wp","href":"https:\/\/api.w.org\/{rel}","templated":true}]}}