{"id":26436,"date":"2025-02-23T19:29:18","date_gmt":"2025-02-23T19:29:18","guid":{"rendered":"https:\/\/syncore.com\/nota-prawna\/"},"modified":"2026-04-07T07:35:36","modified_gmt":"2026-04-07T07:35:36","slug":"nota-prawna","status":"publish","type":"page","link":"https:\/\/syncore.com\/pl\/nota-prawna\/","title":{"rendered":"Nota prawna"},"content":{"rendered":"\t\t<div data-elementor-type=\"wp-page\" data-elementor-id=\"26436\" class=\"elementor elementor-26436 elementor-88\" data-elementor-post-type=\"page\">\n\t\t\t\t<div class=\"elementor-element elementor-element-e89b415 pad_section e-flex e-con-boxed e-con e-parent\" data-id=\"e89b415\" data-element_type=\"container\" data-e-type=\"container\" data-settings=\"{&quot;background_background&quot;:&quot;classic&quot;}\">\n\t\t\t\t\t<div class=\"e-con-inner\">\n\t\t\t\t<div class=\"elementor-element elementor-element-9df9ea4 elementor-widget elementor-widget-heading\" data-id=\"9df9ea4\" data-element_type=\"widget\" data-e-type=\"widget\" data-widget_type=\"heading.default\">\n\t\t\t\t<div class=\"elementor-widget-container\">\n\t\t\t\t\t<h1 class=\"elementor-heading-title elementor-size-default\">Nota prawna<\/h1>\t\t\t\t<\/div>\n\t\t\t\t<\/div>\n\t\t<div class=\"elementor-element elementor-element-25cfcd2 e-con-full e-flex e-con e-child\" data-id=\"25cfcd2\" data-element_type=\"container\" data-e-type=\"container\">\n\t\t<div class=\"elementor-element elementor-element-6c087de e-con-full e-flex e-con e-child\" data-id=\"6c087de\" data-element_type=\"container\" data-e-type=\"container\">\n\t\t\t\t<div class=\"elementor-element elementor-element-766498c elementor-widget elementor-widget-text-editor\" data-id=\"766498c\" data-element_type=\"widget\" data-e-type=\"widget\" data-widget_type=\"text-editor.default\">\n\t\t\t\t<div class=\"elementor-widget-container\">\n\t\t\t\t\t\t\t\t\t<p>Dla Niemiec:<\/p><div class=\"p-default-page \"><div class=\"a-container p-gutenberg spacing\"><p><strong>Syncore GmbH<\/strong><\/p><p>Talweg 19, <span data-teams=\"true\">74254 Offenau<\/span><\/p><p>+49 (0) 7136 9575 0  <\/p><p>Dyrektor zarz\u0105dzaj\u0105cy: Gert Bossink<\/p><p>Nr rejestru: HRB 107234<\/p><p>Nr VAT: DE812894665<\/p><p>Handelsgericht Stuttgart  <\/p><\/div><\/div>\t\t\t\t\t\t\t\t<\/div>\n\t\t\t\t<\/div>\n\t\t\t\t<\/div>\n\t\t<div class=\"elementor-element elementor-element-5a03332 e-con-full e-flex e-con e-child\" data-id=\"5a03332\" data-element_type=\"container\" data-e-type=\"container\">\n\t\t\t\t<div class=\"elementor-element elementor-element-da8edc0 elementor-widget elementor-widget-text-editor\" data-id=\"da8edc0\" data-element_type=\"widget\" data-e-type=\"widget\" data-widget_type=\"text-editor.default\">\n\t\t\t\t<div class=\"elementor-widget-container\">\n\t\t\t\t\t\t\t\t\t<p>Dla Holandii:<\/p><div class=\"p-default-page \"><div class=\"a-container p-gutenberg spacing\"><p><strong>Syncore B.V.<\/strong><\/p><p>Impact 50, NL-6921 RZ Duiven, Holandia<\/p><p>+31 (0) 850 010 020<\/p><p>Dyrektor zarz\u0105dzaj\u0105cy: Gert Bossink<\/p><p>Nr rejestru: KVK 09141493<\/p><p>Nr VAT: NL 812848457B01<\/p><\/div><\/div>\t\t\t\t\t\t\t\t<\/div>\n\t\t\t\t<\/div>\n\t\t\t\t<\/div>\n\t\t\t\t<\/div>\n\t\t<div class=\"elementor-element elementor-element-404b51d e-con-full e-flex e-con e-child\" data-id=\"404b51d\" data-element_type=\"container\" data-e-type=\"container\">\n\t\t<div class=\"elementor-element elementor-element-50358f2 e-con-full e-flex e-con e-child\" data-id=\"50358f2\" data-element_type=\"container\" data-e-type=\"container\">\n\t\t\t\t<div class=\"elementor-element elementor-element-70b0ae0 elementor-widget elementor-widget-text-editor\" data-id=\"70b0ae0\" data-element_type=\"widget\" data-e-type=\"widget\" data-widget_type=\"text-editor.default\">\n\t\t\t\t<div class=\"elementor-widget-container\">\n\t\t\t\t\t\t\t\t\t<p>  Dla Austrii:<\/p><div class=\"p-default-page \"><div class=\"a-container p-gutenberg spacing\"><p><strong>Syncore WHI GmbH<\/strong><\/p><p>1210 Wien, Floridsdorfer Hauptstra\u00dfe 1, Austria<\/p><p>+43-1-3618331<\/p><p>Dyrektor zarz\u0105dzaj\u0105cy: Gert Bossink<\/p><p>Nr rejestru FN 549644a<\/p><p>Nr VAT: ATU76855609<\/p><p>Handelsgericht Wien<\/p><\/div><\/div>\t\t\t\t\t\t\t\t<\/div>\n\t\t\t\t<\/div>\n\t\t\t\t<\/div>\n\t\t<div class=\"elementor-element elementor-element-307e61f e-con-full e-flex e-con e-child\" data-id=\"307e61f\" data-element_type=\"container\" data-e-type=\"container\">\n\t\t\t\t<div class=\"elementor-element elementor-element-761856d elementor-widget elementor-widget-text-editor\" data-id=\"761856d\" data-element_type=\"widget\" data-e-type=\"widget\" data-widget_type=\"text-editor.default\">\n\t\t\t\t<div class=\"elementor-widget-container\">\n\t\t\t\t\t\t\t\t\t<p>Dla Polski:<\/p><div class=\"p-default-page \"><div class=\"a-container p-gutenberg spacing\"><p><strong>Syncore Poland Sp. z o.o. <\/strong><\/p><p>Browarowa 21, 43-100 Tychy, Polska<\/p><p>+48 (0) 578 19 99 95<\/p><p>Mened\u017cer krajowy: Micha\u0142 Ochma\u0144ski<\/p><p>Nr rejestru: KRS nr 000711090<\/p><p>Nr VAT: PL 5272832591<\/p><\/div><\/div>\t\t\t\t\t\t\t\t<\/div>\n\t\t\t\t<\/div>\n\t\t\t\t<\/div>\n\t\t\t\t<\/div>\n\t\t<div class=\"elementor-element elementor-element-e698727 e-con-full e-flex e-con e-child\" data-id=\"e698727\" data-element_type=\"container\" data-e-type=\"container\">\n\t\t<div class=\"elementor-element elementor-element-489e222 e-con-full e-flex e-con e-child\" data-id=\"489e222\" data-element_type=\"container\" data-e-type=\"container\">\n\t\t\t\t<div class=\"elementor-element elementor-element-0a94558 elementor-widget elementor-widget-text-editor\" data-id=\"0a94558\" data-element_type=\"widget\" data-e-type=\"widget\" data-widget_type=\"text-editor.default\">\n\t\t\t\t<div class=\"elementor-widget-container\">\n\t\t\t\t\t\t\t\t\t<p>Dla wszystkich innych kraj\u00f3w:<\/p><div class=\"p-default-page \"><div class=\"a-container p-gutenberg spacing\"><p><strong>Syncore B.V.<\/strong><\/p><p>Impact 50, NL-6921 RZ Duiven, Holandia<\/p><p>+31 (0) 850 010 020<\/p><p>Dyrektor zarz\u0105dzaj\u0105cy: Gert Bossink<\/p><p>Nr rejestru: KVK 09141493<\/p><p>Nr VAT: NL 812848457B01<\/p><\/div><\/div>\t\t\t\t\t\t\t\t<\/div>\n\t\t\t\t<\/div>\n\t\t\t\t<\/div>\n\t\t\t\t<\/div>\n\t\t\t\t<div class=\"elementor-element elementor-element-ed73b76 elementor-widget elementor-widget-text-editor\" data-id=\"ed73b76\" data-element_type=\"widget\" data-e-type=\"widget\" data-widget_type=\"text-editor.default\">\n\t\t\t\t<div class=\"elementor-widget-container\">\n\t\t\t\t\t\t\t\t\t<div class=\"p-default-page \"><div class=\"a-container p-gutenberg spacing\"><p>Autorem i wydawc\u0105 domeny www.Syncore.com jest Syncore B.V. Wszelkie prawa zastrze\u017cone. W przypadku dalszych pyta\u0144 z przyjemno\u015bci\u0105 odpowiemy na nie. <\/p><\/div><\/div>\t\t\t\t\t\t\t\t<\/div>\n\t\t\t\t<\/div>\n\t\t\t\t<div class=\"elementor-element elementor-element-d5b62fb elementor-widget elementor-widget-heading\" data-id=\"d5b62fb\" data-element_type=\"widget\" data-e-type=\"widget\" data-widget_type=\"heading.default\">\n\t\t\t\t<div class=\"elementor-widget-container\">\n\t\t\t\t\t<h2 class=\"elementor-heading-title elementor-size-default\">Prawa autorskie<\/h2>\t\t\t\t<\/div>\n\t\t\t\t<\/div>\n\t\t\t\t<div class=\"elementor-element elementor-element-a61e100 elementor-widget elementor-widget-text-editor\" data-id=\"a61e100\" data-element_type=\"widget\" data-e-type=\"widget\" data-widget_type=\"text-editor.default\">\n\t\t\t\t<div class=\"elementor-widget-container\">\n\t\t\t\t\t\t\t\t\t<div class=\"p-default-page \"><div class=\"a-container p-gutenberg spacing\"><p>Wszystkie materia\u0142y zawarte na tych stronach, w tym wszystkie teksty, zdj\u0119cia, filmy, projekty, grafika, muzyka i d\u017awi\u0119ki, s\u0105 chronione prawem autorskim, zar\u00f3wno jako indywidualny serwis, jak i jako zbi\u00f3r. Pobieranie i wykorzystywanie materia\u0142\u00f3w chronionych prawem autorskim udost\u0119pnianych przez Syncore BV jest dozwolone wy\u0142\u0105cznie do u\u017cytku prywatnego, pod warunkiem, \u017ce odbywa si\u0119 to w ramach obowi\u0105zuj\u0105cych przepis\u00f3w prawa. Osoby trzecie nie mog\u0105 jednak powiela\u0107, przekazywa\u0107, rozpowszechnia\u0107, publikowa\u0107, wykorzystywa\u0107 komercyjnie tych materia\u0142\u00f3w w jakikolwiek inny spos\u00f3b w formie elektronicznej lub w innym formacie danych ani wykorzystywa\u0107 ich w jakikolwiek inny spos\u00f3b.  <\/p><p>Nazwy marek s\u0105 u\u017cywane swobodnie bez oddzielnej identyfikacji. Nazwy te s\u0105 w\u0142asno\u015bci\u0105 odpowiednich w\u0142a\u015bcicieli. <\/p><\/div><\/div><section class=\"o-contact a-container\"><div class=\"o-contact__wrapper\"><div class=\"o-contact__left\"> <\/div><\/div><\/section>\t\t\t\t\t\t\t\t<\/div>\n\t\t\t\t<\/div>\n\t\t\t\t\t<\/div>\n\t\t\t\t<\/div>\n\t\t\t\t<\/div>\n\t\t","protected":false},"excerpt":{"rendered":"<p>Nota prawna Dla Niemiec: Syncore GmbH Talweg 19, 74254 Offenau +49 (0) 7136 9575 0 Dyrektor zarz\u0105dzaj\u0105cy: Gert Bossink Nr rejestru: HRB 107234 Nr VAT: DE812894665 Handelsgericht Stuttgart Dla Holandii: Syncore B.V. Impact 50, NL-6921 RZ Duiven, Holandia +31 (0) 850 010 020 Dyrektor zarz\u0105dzaj\u0105cy: Gert Bossink Nr rejestru: KVK 09141493 Nr VAT: NL 812848457B01 [&hellip;]<\/p>\n","protected":false},"author":2,"featured_media":0,"parent":0,"menu_order":0,"comment_status":"closed","ping_status":"closed","template":"elementor_header_footer","meta":{"_acf_changed":false,"content-type":"","footnotes":""},"class_list":["post-26436","page","type-page","status-publish","hentry"],"acf":[],"yoast_head":"<!-- This site is optimized with the Yoast SEO plugin v26.8 - https:\/\/yoast.com\/product\/yoast-seo-wordpress\/ -->\n<title>Nota prawna - Syncore<\/title>\n<meta name=\"robots\" content=\"index, follow, max-snippet:-1, max-image-preview:large, max-video-preview:-1\" \/>\n<link rel=\"canonical\" href=\"https:\/\/syncore.com\/pl\/nota-prawna\/\" \/>\n<meta property=\"og:locale\" content=\"pl_PL\" \/>\n<meta property=\"og:type\" content=\"article\" \/>\n<meta property=\"og:title\" content=\"Nota prawna - Syncore\" \/>\n<meta property=\"og:description\" content=\"Nota prawna Dla Niemiec: Syncore GmbH Talweg 19, 74254 Offenau +49 (0) 7136 9575 0 Dyrektor zarz\u0105dzaj\u0105cy: Gert Bossink Nr rejestru: HRB 107234 Nr VAT: DE812894665 Handelsgericht Stuttgart Dla Holandii: Syncore B.V. Impact 50, NL-6921 RZ Duiven, Holandia +31 (0) 850 010 020 Dyrektor zarz\u0105dzaj\u0105cy: Gert Bossink Nr rejestru: KVK 09141493 Nr VAT: NL 812848457B01 [&hellip;]\" \/>\n<meta property=\"og:url\" content=\"https:\/\/syncore.com\/pl\/nota-prawna\/\" \/>\n<meta property=\"og:site_name\" content=\"Syncore\" \/>\n<meta property=\"article:modified_time\" content=\"2026-04-07T07:35:36+00:00\" \/>\n<meta name=\"twitter:card\" content=\"summary_large_image\" \/>\n<meta name=\"twitter:label1\" content=\"Szacowany czas czytania\" \/>\n\t<meta name=\"twitter:data1\" content=\"1 minuta\" \/>\n<script type=\"application\/ld+json\" class=\"yoast-schema-graph\">{\"@context\":\"https:\/\/schema.org\",\"@graph\":[{\"@type\":\"WebPage\",\"@id\":\"https:\/\/syncore.com\/pl\/nota-prawna\/\",\"url\":\"https:\/\/syncore.com\/pl\/nota-prawna\/\",\"name\":\"Nota prawna - Syncore\",\"isPartOf\":{\"@id\":\"https:\/\/syncore.com\/#website\"},\"datePublished\":\"2025-02-23T19:29:18+00:00\",\"dateModified\":\"2026-04-07T07:35:36+00:00\",\"breadcrumb\":{\"@id\":\"https:\/\/syncore.com\/pl\/nota-prawna\/#breadcrumb\"},\"inLanguage\":\"pl-PL\",\"potentialAction\":[{\"@type\":\"ReadAction\",\"target\":[\"https:\/\/syncore.com\/pl\/nota-prawna\/\"]}]},{\"@type\":\"BreadcrumbList\",\"@id\":\"https:\/\/syncore.com\/pl\/nota-prawna\/#breadcrumb\",\"itemListElement\":[{\"@type\":\"ListItem\",\"position\":1,\"name\":\"Start\",\"item\":\"https:\/\/syncore.com\/pl\/strona-glowna\/\"},{\"@type\":\"ListItem\",\"position\":2,\"name\":\"Nota prawna\"}]},{\"@type\":\"WebSite\",\"@id\":\"https:\/\/syncore.com\/#website\",\"url\":\"https:\/\/syncore.com\/\",\"name\":\"syncore\",\"description\":\"Warehouse Integrators\",\"publisher\":{\"@id\":\"https:\/\/syncore.com\/#organization\"},\"potentialAction\":[{\"@type\":\"SearchAction\",\"target\":{\"@type\":\"EntryPoint\",\"urlTemplate\":\"https:\/\/syncore.com\/?s={search_term_string}\"},\"query-input\":{\"@type\":\"PropertyValueSpecification\",\"valueRequired\":true,\"valueName\":\"search_term_string\"}}],\"inLanguage\":\"pl-PL\"},{\"@type\":\"Organization\",\"@id\":\"https:\/\/syncore.com\/#organization\",\"name\":\"syncore\",\"url\":\"https:\/\/syncore.com\/\",\"logo\":{\"@type\":\"ImageObject\",\"inLanguage\":\"pl-PL\",\"@id\":\"https:\/\/syncore.com\/#\/schema\/logo\/image\/\",\"url\":\"\",\"contentUrl\":\"\",\"caption\":\"syncore\"},\"image\":{\"@id\":\"https:\/\/syncore.com\/#\/schema\/logo\/image\/\"}}]}<\/script>\n<!-- \/ Yoast SEO plugin. -->","yoast_head_json":{"title":"Nota prawna - Syncore","robots":{"index":"index","follow":"follow","max-snippet":"max-snippet:-1","max-image-preview":"max-image-preview:large","max-video-preview":"max-video-preview:-1"},"canonical":"https:\/\/syncore.com\/pl\/nota-prawna\/","og_locale":"pl_PL","og_type":"article","og_title":"Nota prawna - Syncore","og_description":"Nota prawna Dla Niemiec: Syncore GmbH Talweg 19, 74254 Offenau +49 (0) 7136 9575 0 Dyrektor zarz\u0105dzaj\u0105cy: Gert Bossink Nr rejestru: HRB 107234 Nr VAT: DE812894665 Handelsgericht Stuttgart Dla Holandii: Syncore B.V. Impact 50, NL-6921 RZ Duiven, Holandia +31 (0) 850 010 020 Dyrektor zarz\u0105dzaj\u0105cy: Gert Bossink Nr rejestru: KVK 09141493 Nr VAT: NL 812848457B01 [&hellip;]","og_url":"https:\/\/syncore.com\/pl\/nota-prawna\/","og_site_name":"Syncore","article_modified_time":"2026-04-07T07:35:36+00:00","twitter_card":"summary_large_image","twitter_misc":{"Szacowany czas czytania":"1 minuta"},"schema":{"@context":"https:\/\/schema.org","@graph":[{"@type":"WebPage","@id":"https:\/\/syncore.com\/pl\/nota-prawna\/","url":"https:\/\/syncore.com\/pl\/nota-prawna\/","name":"Nota prawna - Syncore","isPartOf":{"@id":"https:\/\/syncore.com\/#website"},"datePublished":"2025-02-23T19:29:18+00:00","dateModified":"2026-04-07T07:35:36+00:00","breadcrumb":{"@id":"https:\/\/syncore.com\/pl\/nota-prawna\/#breadcrumb"},"inLanguage":"pl-PL","potentialAction":[{"@type":"ReadAction","target":["https:\/\/syncore.com\/pl\/nota-prawna\/"]}]},{"@type":"BreadcrumbList","@id":"https:\/\/syncore.com\/pl\/nota-prawna\/#breadcrumb","itemListElement":[{"@type":"ListItem","position":1,"name":"Start","item":"https:\/\/syncore.com\/pl\/strona-glowna\/"},{"@type":"ListItem","position":2,"name":"Nota prawna"}]},{"@type":"WebSite","@id":"https:\/\/syncore.com\/#website","url":"https:\/\/syncore.com\/","name":"syncore","description":"Warehouse Integrators","publisher":{"@id":"https:\/\/syncore.com\/#organization"},"potentialAction":[{"@type":"SearchAction","target":{"@type":"EntryPoint","urlTemplate":"https:\/\/syncore.com\/?s={search_term_string}"},"query-input":{"@type":"PropertyValueSpecification","valueRequired":true,"valueName":"search_term_string"}}],"inLanguage":"pl-PL"},{"@type":"Organization","@id":"https:\/\/syncore.com\/#organization","name":"syncore","url":"https:\/\/syncore.com\/","logo":{"@type":"ImageObject","inLanguage":"pl-PL","@id":"https:\/\/syncore.com\/#\/schema\/logo\/image\/","url":"","contentUrl":"","caption":"syncore"},"image":{"@id":"https:\/\/syncore.com\/#\/schema\/logo\/image\/"}}]}},"_links":{"self":[{"href":"https:\/\/syncore.com\/pl\/wp-json\/wp\/v2\/pages\/26436","targetHints":{"allow":["GET"]}}],"collection":[{"href":"https:\/\/syncore.com\/pl\/wp-json\/wp\/v2\/pages"}],"about":[{"href":"https:\/\/syncore.com\/pl\/wp-json\/wp\/v2\/types\/page"}],"author":[{"embeddable":true,"href":"https:\/\/syncore.com\/pl\/wp-json\/wp\/v2\/users\/2"}],"replies":[{"embeddable":true,"href":"https:\/\/syncore.com\/pl\/wp-json\/wp\/v2\/comments?post=26436"}],"version-history":[{"count":17,"href":"https:\/\/syncore.com\/pl\/wp-json\/wp\/v2\/pages\/26436\/revisions"}],"predecessor-version":[{"id":30586,"href":"https:\/\/syncore.com\/pl\/wp-json\/wp\/v2\/pages\/26436\/revisions\/30586"}],"wp:attachment":[{"href":"https:\/\/syncore.com\/pl\/wp-json\/wp\/v2\/media?parent=26436"}],"curies":[{"name":"wp","href":"https:\/\/api.w.org\/{rel}","templated":true}]}}